{"id":983,"date":"2021-05-23T11:39:11","date_gmt":"2021-05-23T09:39:11","guid":{"rendered":"http:\/\/pascalnoppe.com\/?post_type=product&#038;p=983"},"modified":"2021-05-23T11:39:24","modified_gmt":"2021-05-23T09:39:24","slug":"les-confitures-et-caramel-de-fruits","status":"publish","type":"product","link":"https:\/\/pascalnoppe.com\/index.php\/produit\/les-confitures-et-caramel-de-fruits\/","title":{"rendered":"Les confitures et caramel de fruits"},"content":{"rendered":"<p>Nos confitures maison, pomme verte-fraisespassion-framboise, nos caramel de poire au sel de gu\u00e9rande,caramel de framboise., caramel exotique, comme une p\u00e2te \u00e0 tartiner, le matin au petit d\u00e9jeuner, <\/p>\n","protected":false},"excerpt":{"rendered":"<p>Nos confitures maison, pomme verte-fraisespassion-framboise, nos caramel de poire au sel de gu\u00e9rande,caramel de framboise., caramel exotique, comme une p\u00e2te \u00e0 tartiner, le matin au petit d\u00e9jeuner,<\/p>\n","protected":false},"featured_media":1013,"template":"","meta":[],"product_cat":[17,25],"product_tag":[],"_links":{"self":[{"href":"https:\/\/pascalnoppe.com\/index.php\/wp-json\/wp\/v2\/product\/983"}],"collection":[{"href":"https:\/\/pascalnoppe.com\/index.php\/wp-json\/wp\/v2\/product"}],"about":[{"href":"https:\/\/pascalnoppe.com\/index.php\/wp-json\/wp\/v2\/types\/product"}],"version-history":[{"count":0,"href":"https:\/\/pascalnoppe.com\/index.php\/wp-json\/wp\/v2\/product\/983\/revisions"}],"wp:featuredmedia":[{"embeddable":true,"href":"https:\/\/pascalnoppe.com\/index.php\/wp-json\/wp\/v2\/media\/1013"}],"wp:attachment":[{"href":"https:\/\/pascalnoppe.com\/index.php\/wp-json\/wp\/v2\/media?parent=983"}],"wp:term":[{"taxonomy":"product_cat","embeddable":true,"href":"https:\/\/pascalnoppe.com\/index.php\/wp-json\/wp\/v2\/product_cat?post=983"},{"taxonomy":"product_tag","embeddable":true,"href":"https:\/\/pascalnoppe.com\/index.php\/wp-json\/wp\/v2\/product_tag?post=983"}],"curies":[{"name":"wp","href":"https:\/\/api.w.org\/{rel}","templated":true}]}}