{"id":982,"date":"2021-05-23T11:39:11","date_gmt":"2021-05-23T09:39:11","guid":{"rendered":"http:\/\/pascalnoppe.com\/?post_type=product&#038;p=982"},"modified":"2021-05-23T11:39:23","modified_gmt":"2021-05-23T09:39:23","slug":"le-macaron-royal-a-la-framboise","status":"publish","type":"product","link":"https:\/\/pascalnoppe.com\/index.php\/produit\/le-macaron-royal-a-la-framboise\/","title":{"rendered":"Le macaron royal \u00e0 la framboise"},"content":{"rendered":"<p>Le best, une merveille de l\u00e9geret\u00e9, un macaron avec une cr\u00e9me p\u00e2tissi\u00e8re \u00e0 la vanille, des framboises et de la cr\u00e8me chantilly, et encore un macaron, simple , mais &#8230;. <\/p>\n","protected":false},"excerpt":{"rendered":"<p>Le best, une merveille de l\u00e9geret\u00e9, un macaron avec une cr\u00e9me p\u00e2tissi\u00e8re \u00e0 la vanille, des framboises et de la cr\u00e8me chantilly, et encore un macaron, simple , mais &#8230;.<\/p>\n","protected":false},"featured_media":1012,"template":"","meta":[],"product_cat":[17,25],"product_tag":[],"_links":{"self":[{"href":"https:\/\/pascalnoppe.com\/index.php\/wp-json\/wp\/v2\/product\/982"}],"collection":[{"href":"https:\/\/pascalnoppe.com\/index.php\/wp-json\/wp\/v2\/product"}],"about":[{"href":"https:\/\/pascalnoppe.com\/index.php\/wp-json\/wp\/v2\/types\/product"}],"version-history":[{"count":0,"href":"https:\/\/pascalnoppe.com\/index.php\/wp-json\/wp\/v2\/product\/982\/revisions"}],"wp:featuredmedia":[{"embeddable":true,"href":"https:\/\/pascalnoppe.com\/index.php\/wp-json\/wp\/v2\/media\/1012"}],"wp:attachment":[{"href":"https:\/\/pascalnoppe.com\/index.php\/wp-json\/wp\/v2\/media?parent=982"}],"wp:term":[{"taxonomy":"product_cat","embeddable":true,"href":"https:\/\/pascalnoppe.com\/index.php\/wp-json\/wp\/v2\/product_cat?post=982"},{"taxonomy":"product_tag","embeddable":true,"href":"https:\/\/pascalnoppe.com\/index.php\/wp-json\/wp\/v2\/product_tag?post=982"}],"curies":[{"name":"wp","href":"https:\/\/api.w.org\/{rel}","templated":true}]}}