{"id":981,"date":"2021-05-23T11:39:11","date_gmt":"2021-05-23T09:39:11","guid":{"rendered":"http:\/\/pascalnoppe.com\/?post_type=product&#038;p=981"},"modified":"2021-05-23T11:39:23","modified_gmt":"2021-05-23T09:39:23","slug":"le-nid-de-paques-2014","status":"publish","type":"product","link":"https:\/\/pascalnoppe.com\/index.php\/produit\/le-nid-de-paques-2014\/","title":{"rendered":"Le nid de P\u00e2ques 2014"},"content":{"rendered":"<p>Un caramel de cassis, une cr\u00e8me de vanille au fromage blanc et chocolat blanc, des cassis poch\u00e9s dans leur jus, un croustillant de coco et cacahu\u00e9ttes, glac\u00e9 chocolat blanc, d\u00e9corer \u00e0 l&rsquo;occasion pour P\u00e2ques, <\/p>\n","protected":false},"excerpt":{"rendered":"<p>Un caramel de cassis, une cr\u00e8me de vanille au fromage blanc et chocolat blanc, des cassis poch\u00e9s dans leur jus, un croustillant de coco et cacahu\u00e9ttes, glac\u00e9 chocolat blanc, d\u00e9corer \u00e0 l&rsquo;occasion pour P\u00e2ques,<\/p>\n","protected":false},"featured_media":1011,"template":"","meta":[],"product_cat":[17,25],"product_tag":[],"_links":{"self":[{"href":"https:\/\/pascalnoppe.com\/index.php\/wp-json\/wp\/v2\/product\/981"}],"collection":[{"href":"https:\/\/pascalnoppe.com\/index.php\/wp-json\/wp\/v2\/product"}],"about":[{"href":"https:\/\/pascalnoppe.com\/index.php\/wp-json\/wp\/v2\/types\/product"}],"version-history":[{"count":0,"href":"https:\/\/pascalnoppe.com\/index.php\/wp-json\/wp\/v2\/product\/981\/revisions"}],"wp:featuredmedia":[{"embeddable":true,"href":"https:\/\/pascalnoppe.com\/index.php\/wp-json\/wp\/v2\/media\/1011"}],"wp:attachment":[{"href":"https:\/\/pascalnoppe.com\/index.php\/wp-json\/wp\/v2\/media?parent=981"}],"wp:term":[{"taxonomy":"product_cat","embeddable":true,"href":"https:\/\/pascalnoppe.com\/index.php\/wp-json\/wp\/v2\/product_cat?post=981"},{"taxonomy":"product_tag","embeddable":true,"href":"https:\/\/pascalnoppe.com\/index.php\/wp-json\/wp\/v2\/product_tag?post=981"}],"curies":[{"name":"wp","href":"https:\/\/api.w.org\/{rel}","templated":true}]}}