{"id":977,"date":"2021-05-23T11:39:11","date_gmt":"2021-05-23T09:39:11","guid":{"rendered":"http:\/\/pascalnoppe.com\/?post_type=product&#038;p=977"},"modified":"2021-05-23T11:39:21","modified_gmt":"2021-05-23T09:39:21","slug":"oeuf-de-paques","status":"publish","type":"product","link":"https:\/\/pascalnoppe.com\/index.php\/produit\/oeuf-de-paques\/","title":{"rendered":"Oeuf de P\u00e2ques"},"content":{"rendered":"<p>P\u00e2ques, pour les gourmands, grand oeuf d\u00e9cor\u00e9. <\/p>\n","protected":false},"excerpt":{"rendered":"<p>P\u00e2ques, pour les gourmands, grand oeuf d\u00e9cor\u00e9.<\/p>\n","protected":false},"featured_media":1007,"template":"","meta":[],"product_cat":[17,25],"product_tag":[],"_links":{"self":[{"href":"https:\/\/pascalnoppe.com\/index.php\/wp-json\/wp\/v2\/product\/977"}],"collection":[{"href":"https:\/\/pascalnoppe.com\/index.php\/wp-json\/wp\/v2\/product"}],"about":[{"href":"https:\/\/pascalnoppe.com\/index.php\/wp-json\/wp\/v2\/types\/product"}],"version-history":[{"count":0,"href":"https:\/\/pascalnoppe.com\/index.php\/wp-json\/wp\/v2\/product\/977\/revisions"}],"wp:featuredmedia":[{"embeddable":true,"href":"https:\/\/pascalnoppe.com\/index.php\/wp-json\/wp\/v2\/media\/1007"}],"wp:attachment":[{"href":"https:\/\/pascalnoppe.com\/index.php\/wp-json\/wp\/v2\/media?parent=977"}],"wp:term":[{"taxonomy":"product_cat","embeddable":true,"href":"https:\/\/pascalnoppe.com\/index.php\/wp-json\/wp\/v2\/product_cat?post=977"},{"taxonomy":"product_tag","embeddable":true,"href":"https:\/\/pascalnoppe.com\/index.php\/wp-json\/wp\/v2\/product_tag?post=977"}],"curies":[{"name":"wp","href":"https:\/\/api.w.org\/{rel}","templated":true}]}}