{"id":976,"date":"2021-05-23T11:39:11","date_gmt":"2021-05-23T09:39:11","guid":{"rendered":"http:\/\/pascalnoppe.com\/?post_type=product&#038;p=976"},"modified":"2021-05-23T11:39:21","modified_gmt":"2021-05-23T09:39:21","slug":"chocolat-de-paques","status":"publish","type":"product","link":"https:\/\/pascalnoppe.com\/index.php\/produit\/chocolat-de-paques\/","title":{"rendered":"Chocolat de P\u00e2ques"},"content":{"rendered":"<p>Moulage en couverture orange, tout nos moulages sont garnis de fritures et oeufs m\u00e9lang\u00e9s.<\/p>\n","protected":false},"excerpt":{"rendered":"<p>Moulage en couverture orange, tout nos moulages sont garnis de fritures et oeufs m\u00e9lang\u00e9s.<\/p>\n","protected":false},"featured_media":1006,"template":"","meta":[],"product_cat":[17,25],"product_tag":[],"_links":{"self":[{"href":"https:\/\/pascalnoppe.com\/index.php\/wp-json\/wp\/v2\/product\/976"}],"collection":[{"href":"https:\/\/pascalnoppe.com\/index.php\/wp-json\/wp\/v2\/product"}],"about":[{"href":"https:\/\/pascalnoppe.com\/index.php\/wp-json\/wp\/v2\/types\/product"}],"version-history":[{"count":0,"href":"https:\/\/pascalnoppe.com\/index.php\/wp-json\/wp\/v2\/product\/976\/revisions"}],"wp:featuredmedia":[{"embeddable":true,"href":"https:\/\/pascalnoppe.com\/index.php\/wp-json\/wp\/v2\/media\/1006"}],"wp:attachment":[{"href":"https:\/\/pascalnoppe.com\/index.php\/wp-json\/wp\/v2\/media?parent=976"}],"wp:term":[{"taxonomy":"product_cat","embeddable":true,"href":"https:\/\/pascalnoppe.com\/index.php\/wp-json\/wp\/v2\/product_cat?post=976"},{"taxonomy":"product_tag","embeddable":true,"href":"https:\/\/pascalnoppe.com\/index.php\/wp-json\/wp\/v2\/product_tag?post=976"}],"curies":[{"name":"wp","href":"https:\/\/api.w.org\/{rel}","templated":true}]}}