{"id":974,"date":"2021-05-23T11:39:11","date_gmt":"2021-05-23T09:39:11","guid":{"rendered":"http:\/\/pascalnoppe.com\/?post_type=product&#038;p=974"},"modified":"2021-05-23T11:39:20","modified_gmt":"2021-05-23T09:39:20","slug":"sensation-aux-fruits-rouges","status":"publish","type":"product","link":"https:\/\/pascalnoppe.com\/index.php\/produit\/sensation-aux-fruits-rouges\/","title":{"rendered":"Sensation aux fruits rouges"},"content":{"rendered":"<p>Cr\u00e8me mousseline \u00e0 la vanille, g\u00e9noise amande, sirop vanille, des fraises et des framboises, des m\u00fbres&#8230;, ganache chocolat blanc vanill\u00e9e et meringue, montage fa\u00e7on Nid de P\u00e2ques.<\/p>\n","protected":false},"excerpt":{"rendered":"<p>Cr\u00e8me mousseline \u00e0 la vanille, g\u00e9noise amande, sirop vanille, des fraises et des framboises, des m\u00fbres&#8230;, ganache chocolat blanc vanill\u00e9e et meringue, montage fa\u00e7on Nid de P\u00e2ques.<\/p>\n","protected":false},"featured_media":1004,"template":"","meta":[],"product_cat":[17,25],"product_tag":[],"_links":{"self":[{"href":"https:\/\/pascalnoppe.com\/index.php\/wp-json\/wp\/v2\/product\/974"}],"collection":[{"href":"https:\/\/pascalnoppe.com\/index.php\/wp-json\/wp\/v2\/product"}],"about":[{"href":"https:\/\/pascalnoppe.com\/index.php\/wp-json\/wp\/v2\/types\/product"}],"version-history":[{"count":0,"href":"https:\/\/pascalnoppe.com\/index.php\/wp-json\/wp\/v2\/product\/974\/revisions"}],"wp:featuredmedia":[{"embeddable":true,"href":"https:\/\/pascalnoppe.com\/index.php\/wp-json\/wp\/v2\/media\/1004"}],"wp:attachment":[{"href":"https:\/\/pascalnoppe.com\/index.php\/wp-json\/wp\/v2\/media?parent=974"}],"wp:term":[{"taxonomy":"product_cat","embeddable":true,"href":"https:\/\/pascalnoppe.com\/index.php\/wp-json\/wp\/v2\/product_cat?post=974"},{"taxonomy":"product_tag","embeddable":true,"href":"https:\/\/pascalnoppe.com\/index.php\/wp-json\/wp\/v2\/product_tag?post=974"}],"curies":[{"name":"wp","href":"https:\/\/api.w.org\/{rel}","templated":true}]}}