{"id":971,"date":"2021-05-23T11:39:10","date_gmt":"2021-05-23T09:39:10","guid":{"rendered":"http:\/\/pascalnoppe.com\/?post_type=product&#038;p=971"},"modified":"2021-05-23T11:39:19","modified_gmt":"2021-05-23T09:39:19","slug":"arbre-en-chocolat-paques","status":"publish","type":"product","link":"https:\/\/pascalnoppe.com\/index.php\/produit\/arbre-en-chocolat-paques\/","title":{"rendered":"Arbre en chocolat, P\u00e2ques"},"content":{"rendered":"<p>Tout en chocolat, arbre de P\u00e2ques, pour votre centre de table, P\u00e2ques, un \u00e9venement incontournable, cr\u00e9er la surprise.<\/p>\n","protected":false},"excerpt":{"rendered":"<p>Tout en chocolat, arbre de P\u00e2ques, pour votre centre de table, P\u00e2ques, un \u00e9venement incontournable, cr\u00e9er la surprise.<\/p>\n","protected":false},"featured_media":1001,"template":"","meta":[],"product_cat":[17,25],"product_tag":[],"_links":{"self":[{"href":"https:\/\/pascalnoppe.com\/index.php\/wp-json\/wp\/v2\/product\/971"}],"collection":[{"href":"https:\/\/pascalnoppe.com\/index.php\/wp-json\/wp\/v2\/product"}],"about":[{"href":"https:\/\/pascalnoppe.com\/index.php\/wp-json\/wp\/v2\/types\/product"}],"version-history":[{"count":0,"href":"https:\/\/pascalnoppe.com\/index.php\/wp-json\/wp\/v2\/product\/971\/revisions"}],"wp:featuredmedia":[{"embeddable":true,"href":"https:\/\/pascalnoppe.com\/index.php\/wp-json\/wp\/v2\/media\/1001"}],"wp:attachment":[{"href":"https:\/\/pascalnoppe.com\/index.php\/wp-json\/wp\/v2\/media?parent=971"}],"wp:term":[{"taxonomy":"product_cat","embeddable":true,"href":"https:\/\/pascalnoppe.com\/index.php\/wp-json\/wp\/v2\/product_cat?post=971"},{"taxonomy":"product_tag","embeddable":true,"href":"https:\/\/pascalnoppe.com\/index.php\/wp-json\/wp\/v2\/product_tag?post=971"}],"curies":[{"name":"wp","href":"https:\/\/api.w.org\/{rel}","templated":true}]}}