{"id":970,"date":"2021-05-23T11:39:10","date_gmt":"2021-05-23T09:39:10","guid":{"rendered":"http:\/\/pascalnoppe.com\/?post_type=product&#038;p=970"},"modified":"2021-05-23T11:39:18","modified_gmt":"2021-05-23T09:39:18","slug":"le-concerto-au-caramel","status":"publish","type":"product","link":"https:\/\/pascalnoppe.com\/index.php\/produit\/le-concerto-au-caramel\/","title":{"rendered":"Le Concerto au caramel"},"content":{"rendered":"<p>Cr\u00e9meux caramel, sirop vanille, mousse chocolat noir, croquant de feuilletine, biscuit chocolat noir, gla\u00e7\u00e9 chocolat noir, d\u00e9cor P\u00e2ques.<\/p>\n","protected":false},"excerpt":{"rendered":"<p>Cr\u00e9meux caramel, sirop vanille, mousse chocolat noir, croquant de feuilletine, biscuit chocolat noir, gla\u00e7\u00e9 chocolat noir, d\u00e9cor P\u00e2ques.<\/p>\n","protected":false},"featured_media":1000,"template":"","meta":[],"product_cat":[17,25],"product_tag":[],"_links":{"self":[{"href":"https:\/\/pascalnoppe.com\/index.php\/wp-json\/wp\/v2\/product\/970"}],"collection":[{"href":"https:\/\/pascalnoppe.com\/index.php\/wp-json\/wp\/v2\/product"}],"about":[{"href":"https:\/\/pascalnoppe.com\/index.php\/wp-json\/wp\/v2\/types\/product"}],"version-history":[{"count":0,"href":"https:\/\/pascalnoppe.com\/index.php\/wp-json\/wp\/v2\/product\/970\/revisions"}],"wp:featuredmedia":[{"embeddable":true,"href":"https:\/\/pascalnoppe.com\/index.php\/wp-json\/wp\/v2\/media\/1000"}],"wp:attachment":[{"href":"https:\/\/pascalnoppe.com\/index.php\/wp-json\/wp\/v2\/media?parent=970"}],"wp:term":[{"taxonomy":"product_cat","embeddable":true,"href":"https:\/\/pascalnoppe.com\/index.php\/wp-json\/wp\/v2\/product_cat?post=970"},{"taxonomy":"product_tag","embeddable":true,"href":"https:\/\/pascalnoppe.com\/index.php\/wp-json\/wp\/v2\/product_tag?post=970"}],"curies":[{"name":"wp","href":"https:\/\/api.w.org\/{rel}","templated":true}]}}