{"id":968,"date":"2021-05-23T11:39:10","date_gmt":"2021-05-23T09:39:10","guid":{"rendered":"http:\/\/pascalnoppe.com\/?post_type=product&#038;p=968"},"modified":"2021-05-23T11:39:17","modified_gmt":"2021-05-23T09:39:17","slug":"buche-caraibe-2011","status":"publish","type":"product","link":"https:\/\/pascalnoppe.com\/index.php\/produit\/buche-caraibe-2011\/","title":{"rendered":"B\u00fbche caraibe 2011"},"content":{"rendered":"<p>cr\u00e9meux mangue et passion, avec des morceaux de mangues poel\u00e9s, mousse chocolat blanc, croustillant de cacahu\u00e8tte et coco, biscuit amande et dacquoise coco, sir\u00f4p au rhum blanc l\u00e9ger, gla\u00e7age chocolat.<\/p>\n","protected":false},"excerpt":{"rendered":"<p>cr\u00e9meux mangue et passion, avec des morceaux de mangues poel\u00e9s, mousse chocolat blanc, croustillant de cacahu\u00e8tte et coco, biscuit amande et dacquoise coco, sir\u00f4p au rhum blanc l\u00e9ger, gla\u00e7age chocolat.<\/p>\n","protected":false},"featured_media":998,"template":"","meta":[],"product_cat":[17,25],"product_tag":[],"_links":{"self":[{"href":"https:\/\/pascalnoppe.com\/index.php\/wp-json\/wp\/v2\/product\/968"}],"collection":[{"href":"https:\/\/pascalnoppe.com\/index.php\/wp-json\/wp\/v2\/product"}],"about":[{"href":"https:\/\/pascalnoppe.com\/index.php\/wp-json\/wp\/v2\/types\/product"}],"version-history":[{"count":0,"href":"https:\/\/pascalnoppe.com\/index.php\/wp-json\/wp\/v2\/product\/968\/revisions"}],"wp:featuredmedia":[{"embeddable":true,"href":"https:\/\/pascalnoppe.com\/index.php\/wp-json\/wp\/v2\/media\/998"}],"wp:attachment":[{"href":"https:\/\/pascalnoppe.com\/index.php\/wp-json\/wp\/v2\/media?parent=968"}],"wp:term":[{"taxonomy":"product_cat","embeddable":true,"href":"https:\/\/pascalnoppe.com\/index.php\/wp-json\/wp\/v2\/product_cat?post=968"},{"taxonomy":"product_tag","embeddable":true,"href":"https:\/\/pascalnoppe.com\/index.php\/wp-json\/wp\/v2\/product_tag?post=968"}],"curies":[{"name":"wp","href":"https:\/\/api.w.org\/{rel}","templated":true}]}}