{"id":967,"date":"2021-05-23T11:39:10","date_gmt":"2021-05-23T09:39:10","guid":{"rendered":"http:\/\/pascalnoppe.com\/?post_type=product&#038;p=967"},"modified":"2021-05-23T11:39:17","modified_gmt":"2021-05-23T09:39:17","slug":"buche-chataigneraie","status":"publish","type":"product","link":"https:\/\/pascalnoppe.com\/index.php\/produit\/buche-chataigneraie\/","title":{"rendered":"B\u00fbche Chataigneraie"},"content":{"rendered":"<p>biscuit amande, sir\u00f4p de whisky, filet de confiture&nbsp;framboise maison, p\u00e2te sabl\u00e9e, mousse aux marrons avec d\u00e9bris de marrons confit, glac\u00e9 chocolat lait, cr\u00e8me chantilly et meringue, d\u00e9cor cr\u00e8me de marron, d\u00e9cor de No\u00ebl.<\/p>\n","protected":false},"excerpt":{"rendered":"<p>biscuit amande, sir\u00f4p de whisky, filet de confiture&nbsp;framboise maison, p\u00e2te sabl\u00e9e, mousse aux marrons avec d\u00e9bris de marrons confit, glac\u00e9 chocolat lait, cr\u00e8me chantilly et meringue, d\u00e9cor cr\u00e8me de marron, d\u00e9cor de No\u00ebl.<\/p>\n","protected":false},"featured_media":997,"template":"","meta":[],"product_cat":[17,25],"product_tag":[],"_links":{"self":[{"href":"https:\/\/pascalnoppe.com\/index.php\/wp-json\/wp\/v2\/product\/967"}],"collection":[{"href":"https:\/\/pascalnoppe.com\/index.php\/wp-json\/wp\/v2\/product"}],"about":[{"href":"https:\/\/pascalnoppe.com\/index.php\/wp-json\/wp\/v2\/types\/product"}],"version-history":[{"count":0,"href":"https:\/\/pascalnoppe.com\/index.php\/wp-json\/wp\/v2\/product\/967\/revisions"}],"wp:featuredmedia":[{"embeddable":true,"href":"https:\/\/pascalnoppe.com\/index.php\/wp-json\/wp\/v2\/media\/997"}],"wp:attachment":[{"href":"https:\/\/pascalnoppe.com\/index.php\/wp-json\/wp\/v2\/media?parent=967"}],"wp:term":[{"taxonomy":"product_cat","embeddable":true,"href":"https:\/\/pascalnoppe.com\/index.php\/wp-json\/wp\/v2\/product_cat?post=967"},{"taxonomy":"product_tag","embeddable":true,"href":"https:\/\/pascalnoppe.com\/index.php\/wp-json\/wp\/v2\/product_tag?post=967"}],"curies":[{"name":"wp","href":"https:\/\/api.w.org\/{rel}","templated":true}]}}