{"id":966,"date":"2021-05-23T11:39:10","date_gmt":"2021-05-23T09:39:10","guid":{"rendered":"http:\/\/pascalnoppe.com\/?post_type=product&#038;p=966"},"modified":"2021-05-23T11:39:17","modified_gmt":"2021-05-23T09:39:17","slug":"buche-sensation-speculos","status":"publish","type":"product","link":"https:\/\/pascalnoppe.com\/index.php\/produit\/buche-sensation-speculos\/","title":{"rendered":"B\u00fbche sensation sp\u00e9culos"},"content":{"rendered":"<p>biscuit sacher, croquant de noisettes caram\u00e9lis\u00e9es, caramel de framboise, pommes poel\u00e9s \u00e0 la cannelle, mousse de sp\u00e9culos, glac\u00e9 chocolat blanc et \u00e9clat rouge, d\u00e9cor de No\u00ebl.<\/p>\n","protected":false},"excerpt":{"rendered":"<p>biscuit sacher, croquant de noisettes caram\u00e9lis\u00e9es, caramel de framboise, pommes poel\u00e9s \u00e0 la cannelle, mousse de sp\u00e9culos, glac\u00e9 chocolat blanc et \u00e9clat rouge, d\u00e9cor de No\u00ebl.<\/p>\n","protected":false},"featured_media":996,"template":"","meta":[],"product_cat":[17,25],"product_tag":[],"_links":{"self":[{"href":"https:\/\/pascalnoppe.com\/index.php\/wp-json\/wp\/v2\/product\/966"}],"collection":[{"href":"https:\/\/pascalnoppe.com\/index.php\/wp-json\/wp\/v2\/product"}],"about":[{"href":"https:\/\/pascalnoppe.com\/index.php\/wp-json\/wp\/v2\/types\/product"}],"version-history":[{"count":0,"href":"https:\/\/pascalnoppe.com\/index.php\/wp-json\/wp\/v2\/product\/966\/revisions"}],"wp:featuredmedia":[{"embeddable":true,"href":"https:\/\/pascalnoppe.com\/index.php\/wp-json\/wp\/v2\/media\/996"}],"wp:attachment":[{"href":"https:\/\/pascalnoppe.com\/index.php\/wp-json\/wp\/v2\/media?parent=966"}],"wp:term":[{"taxonomy":"product_cat","embeddable":true,"href":"https:\/\/pascalnoppe.com\/index.php\/wp-json\/wp\/v2\/product_cat?post=966"},{"taxonomy":"product_tag","embeddable":true,"href":"https:\/\/pascalnoppe.com\/index.php\/wp-json\/wp\/v2\/product_tag?post=966"}],"curies":[{"name":"wp","href":"https:\/\/api.w.org\/{rel}","templated":true}]}}