{"id":965,"date":"2021-05-23T11:39:10","date_gmt":"2021-05-23T09:39:10","guid":{"rendered":"http:\/\/pascalnoppe.com\/?post_type=product&#038;p=965"},"modified":"2021-05-23T11:39:16","modified_gmt":"2021-05-23T09:39:16","slug":"buche-concerto","status":"publish","type":"product","link":"https:\/\/pascalnoppe.com\/index.php\/produit\/buche-concerto\/","title":{"rendered":"B\u00fbche Concerto"},"content":{"rendered":"<p>biscuit sacher, crunchy de feuilletine au pralin\u00e9, mousse chocolat noir exc\u00e9llence, glacage chocolat noir et d\u00e9cor de No\u00ebl.<\/p>\n","protected":false},"excerpt":{"rendered":"<p>biscuit sacher, crunchy de feuilletine au pralin\u00e9, mousse chocolat noir exc\u00e9llence, glacage chocolat noir et d\u00e9cor de No\u00ebl.<\/p>\n","protected":false},"featured_media":995,"template":"","meta":[],"product_cat":[17,25],"product_tag":[],"_links":{"self":[{"href":"https:\/\/pascalnoppe.com\/index.php\/wp-json\/wp\/v2\/product\/965"}],"collection":[{"href":"https:\/\/pascalnoppe.com\/index.php\/wp-json\/wp\/v2\/product"}],"about":[{"href":"https:\/\/pascalnoppe.com\/index.php\/wp-json\/wp\/v2\/types\/product"}],"version-history":[{"count":1,"href":"https:\/\/pascalnoppe.com\/index.php\/wp-json\/wp\/v2\/product\/965\/revisions"}],"predecessor-version":[{"id":1967,"href":"https:\/\/pascalnoppe.com\/index.php\/wp-json\/wp\/v2\/product\/965\/revisions\/1967"}],"wp:featuredmedia":[{"embeddable":true,"href":"https:\/\/pascalnoppe.com\/index.php\/wp-json\/wp\/v2\/media\/995"}],"wp:attachment":[{"href":"https:\/\/pascalnoppe.com\/index.php\/wp-json\/wp\/v2\/media?parent=965"}],"wp:term":[{"taxonomy":"product_cat","embeddable":true,"href":"https:\/\/pascalnoppe.com\/index.php\/wp-json\/wp\/v2\/product_cat?post=965"},{"taxonomy":"product_tag","embeddable":true,"href":"https:\/\/pascalnoppe.com\/index.php\/wp-json\/wp\/v2\/product_tag?post=965"}],"curies":[{"name":"wp","href":"https:\/\/api.w.org\/{rel}","templated":true}]}}