{"id":964,"date":"2021-05-23T11:39:10","date_gmt":"2021-05-23T09:39:10","guid":{"rendered":"http:\/\/pascalnoppe.com\/?post_type=product&#038;p=964"},"modified":"2021-05-23T11:39:16","modified_gmt":"2021-05-23T09:39:16","slug":"boites-de-24-pieces-de-macarons","status":"publish","type":"product","link":"https:\/\/pascalnoppe.com\/index.php\/produit\/boites-de-24-pieces-de-macarons\/","title":{"rendered":"Boites de 24 pi\u00e8ces de macarons"},"content":{"rendered":"<p>boite de 24 macarons assortis , possibilit\u00e9 boite de 9 macarons, 12 macarons, 18 macarons&#8230;32 macarons , et plus , \u00e9galement sur plateau pour cocktail&#8230;<\/p>\n","protected":false},"excerpt":{"rendered":"<p>boite de 24 macarons assortis , possibilit\u00e9 boite de 9 macarons, 12 macarons, 18 macarons&#8230;32 macarons , et plus , \u00e9galement sur plateau pour cocktail&#8230;<\/p>\n","protected":false},"featured_media":994,"template":"","meta":[],"product_cat":[17,25],"product_tag":[],"_links":{"self":[{"href":"https:\/\/pascalnoppe.com\/index.php\/wp-json\/wp\/v2\/product\/964"}],"collection":[{"href":"https:\/\/pascalnoppe.com\/index.php\/wp-json\/wp\/v2\/product"}],"about":[{"href":"https:\/\/pascalnoppe.com\/index.php\/wp-json\/wp\/v2\/types\/product"}],"version-history":[{"count":0,"href":"https:\/\/pascalnoppe.com\/index.php\/wp-json\/wp\/v2\/product\/964\/revisions"}],"wp:featuredmedia":[{"embeddable":true,"href":"https:\/\/pascalnoppe.com\/index.php\/wp-json\/wp\/v2\/media\/994"}],"wp:attachment":[{"href":"https:\/\/pascalnoppe.com\/index.php\/wp-json\/wp\/v2\/media?parent=964"}],"wp:term":[{"taxonomy":"product_cat","embeddable":true,"href":"https:\/\/pascalnoppe.com\/index.php\/wp-json\/wp\/v2\/product_cat?post=964"},{"taxonomy":"product_tag","embeddable":true,"href":"https:\/\/pascalnoppe.com\/index.php\/wp-json\/wp\/v2\/product_tag?post=964"}],"curies":[{"name":"wp","href":"https:\/\/api.w.org\/{rel}","templated":true}]}}