{"id":962,"date":"2021-05-23T11:39:10","date_gmt":"2021-05-23T09:39:10","guid":{"rendered":"http:\/\/pascalnoppe.com\/?post_type=product&#038;p=962"},"modified":"2021-05-23T11:39:15","modified_gmt":"2021-05-23T09:39:15","slug":"le-strudels","status":"publish","type":"product","link":"https:\/\/pascalnoppe.com\/index.php\/produit\/le-strudels\/","title":{"rendered":"Le Strudels"},"content":{"rendered":"<p>Sp\u00e9cialit\u00e9 de la maison \u00e0 Kuala lumpur, comme un mille-feuille, r\u00e9aliser fa\u00e7on un peu plus a\u00e9ri\u00e8ne&#8230;<\/p>\n","protected":false},"excerpt":{"rendered":"<p>Sp\u00e9cialit\u00e9 de la maison \u00e0 Kuala lumpur, comme un mille-feuille, r\u00e9aliser fa\u00e7on un peu plus a\u00e9ri\u00e8ne&#8230;<\/p>\n","protected":false},"featured_media":992,"template":"","meta":[],"product_cat":[17,25],"product_tag":[],"_links":{"self":[{"href":"https:\/\/pascalnoppe.com\/index.php\/wp-json\/wp\/v2\/product\/962"}],"collection":[{"href":"https:\/\/pascalnoppe.com\/index.php\/wp-json\/wp\/v2\/product"}],"about":[{"href":"https:\/\/pascalnoppe.com\/index.php\/wp-json\/wp\/v2\/types\/product"}],"version-history":[{"count":0,"href":"https:\/\/pascalnoppe.com\/index.php\/wp-json\/wp\/v2\/product\/962\/revisions"}],"wp:featuredmedia":[{"embeddable":true,"href":"https:\/\/pascalnoppe.com\/index.php\/wp-json\/wp\/v2\/media\/992"}],"wp:attachment":[{"href":"https:\/\/pascalnoppe.com\/index.php\/wp-json\/wp\/v2\/media?parent=962"}],"wp:term":[{"taxonomy":"product_cat","embeddable":true,"href":"https:\/\/pascalnoppe.com\/index.php\/wp-json\/wp\/v2\/product_cat?post=962"},{"taxonomy":"product_tag","embeddable":true,"href":"https:\/\/pascalnoppe.com\/index.php\/wp-json\/wp\/v2\/product_tag?post=962"}],"curies":[{"name":"wp","href":"https:\/\/api.w.org\/{rel}","templated":true}]}}