{"id":960,"date":"2021-05-23T11:39:09","date_gmt":"2021-05-23T09:39:09","guid":{"rendered":"http:\/\/pascalnoppe.com\/?post_type=product&#038;p=960"},"modified":"2021-05-23T11:39:14","modified_gmt":"2021-05-23T09:39:14","slug":"boites-de-macarons","status":"publish","type":"product","link":"https:\/\/pascalnoppe.com\/index.php\/produit\/boites-de-macarons\/","title":{"rendered":"Bo\u00eetes de Macarons"},"content":{"rendered":"<p>Macarons PASCAL NOPPE present\u00e9 en bo\u00eetes de diff\u00e9rentes tailles, les Macarons sont vendus au poids, s\u00e9lection des parfums aux choix du clients.<\/p>\n","protected":false},"excerpt":{"rendered":"<p>Macarons PASCAL NOPPE present\u00e9 en bo\u00eetes de diff\u00e9rentes tailles, les Macarons sont vendus au poids, s\u00e9lection des parfums aux choix du clients.<\/p>\n","protected":false},"featured_media":990,"template":"","meta":[],"product_cat":[17,25],"product_tag":[],"_links":{"self":[{"href":"https:\/\/pascalnoppe.com\/index.php\/wp-json\/wp\/v2\/product\/960"}],"collection":[{"href":"https:\/\/pascalnoppe.com\/index.php\/wp-json\/wp\/v2\/product"}],"about":[{"href":"https:\/\/pascalnoppe.com\/index.php\/wp-json\/wp\/v2\/types\/product"}],"version-history":[{"count":0,"href":"https:\/\/pascalnoppe.com\/index.php\/wp-json\/wp\/v2\/product\/960\/revisions"}],"wp:featuredmedia":[{"embeddable":true,"href":"https:\/\/pascalnoppe.com\/index.php\/wp-json\/wp\/v2\/media\/990"}],"wp:attachment":[{"href":"https:\/\/pascalnoppe.com\/index.php\/wp-json\/wp\/v2\/media?parent=960"}],"wp:term":[{"taxonomy":"product_cat","embeddable":true,"href":"https:\/\/pascalnoppe.com\/index.php\/wp-json\/wp\/v2\/product_cat?post=960"},{"taxonomy":"product_tag","embeddable":true,"href":"https:\/\/pascalnoppe.com\/index.php\/wp-json\/wp\/v2\/product_tag?post=960"}],"curies":[{"name":"wp","href":"https:\/\/api.w.org\/{rel}","templated":true}]}}