{"id":959,"date":"2021-05-23T11:39:09","date_gmt":"2021-05-23T09:39:09","guid":{"rendered":"http:\/\/pascalnoppe.com\/?post_type=product&#038;p=959"},"modified":"2021-05-23T11:39:14","modified_gmt":"2021-05-23T09:39:14","slug":"buche-foret-noire","status":"publish","type":"product","link":"https:\/\/pascalnoppe.com\/index.php\/produit\/buche-foret-noire\/","title":{"rendered":"B\u00fbche for\u00eat noire"},"content":{"rendered":"<p>biscuit chocolat amande, sir\u00f4p amar\u00e9na, cerise amar\u00e9na, cr\u00e9me chocolat noir exc\u00e9llence l\u00e9g\u00e8re, cr\u00e9me chantilly, copaux chocolat noir d\u00e9cor.<\/p>\n","protected":false},"excerpt":{"rendered":"<p>biscuit chocolat amande, sir\u00f4p amar\u00e9na, cerise amar\u00e9na, cr\u00e9me chocolat noir exc\u00e9llence l\u00e9g\u00e8re, cr\u00e9me chantilly, copaux chocolat noir d\u00e9cor.<\/p>\n","protected":false},"featured_media":989,"template":"","meta":[],"product_cat":[17,25],"product_tag":[],"_links":{"self":[{"href":"https:\/\/pascalnoppe.com\/index.php\/wp-json\/wp\/v2\/product\/959"}],"collection":[{"href":"https:\/\/pascalnoppe.com\/index.php\/wp-json\/wp\/v2\/product"}],"about":[{"href":"https:\/\/pascalnoppe.com\/index.php\/wp-json\/wp\/v2\/types\/product"}],"version-history":[{"count":0,"href":"https:\/\/pascalnoppe.com\/index.php\/wp-json\/wp\/v2\/product\/959\/revisions"}],"wp:featuredmedia":[{"embeddable":true,"href":"https:\/\/pascalnoppe.com\/index.php\/wp-json\/wp\/v2\/media\/989"}],"wp:attachment":[{"href":"https:\/\/pascalnoppe.com\/index.php\/wp-json\/wp\/v2\/media?parent=959"}],"wp:term":[{"taxonomy":"product_cat","embeddable":true,"href":"https:\/\/pascalnoppe.com\/index.php\/wp-json\/wp\/v2\/product_cat?post=959"},{"taxonomy":"product_tag","embeddable":true,"href":"https:\/\/pascalnoppe.com\/index.php\/wp-json\/wp\/v2\/product_tag?post=959"}],"curies":[{"name":"wp","href":"https:\/\/api.w.org\/{rel}","templated":true}]}}