{"id":958,"date":"2021-05-23T11:39:07","date_gmt":"2021-05-23T09:39:07","guid":{"rendered":"http:\/\/pascalnoppe.com\/?post_type=product&#038;p=958"},"modified":"2021-05-23T11:39:13","modified_gmt":"2021-05-23T09:39:13","slug":"pates-de-fruits-selection","status":"publish","type":"product","link":"https:\/\/pascalnoppe.com\/index.php\/produit\/pates-de-fruits-selection\/","title":{"rendered":"P\u00e2tes de fruits s\u00e9lection"},"content":{"rendered":"<p>sp\u00e9cialit\u00e9, r\u00e9aliser au laboratoire, parfums: fraise, framboise, coco, pomme verte, cassis, passion, mangue&#8230;<\/p>\n","protected":false},"excerpt":{"rendered":"<p>sp\u00e9cialit\u00e9, r\u00e9aliser au laboratoire, parfums: fraise, framboise, coco, pomme verte, cassis, passion, mangue&#8230;<\/p>\n","protected":false},"featured_media":988,"template":"","meta":[],"product_cat":[17,25],"product_tag":[],"_links":{"self":[{"href":"https:\/\/pascalnoppe.com\/index.php\/wp-json\/wp\/v2\/product\/958"}],"collection":[{"href":"https:\/\/pascalnoppe.com\/index.php\/wp-json\/wp\/v2\/product"}],"about":[{"href":"https:\/\/pascalnoppe.com\/index.php\/wp-json\/wp\/v2\/types\/product"}],"version-history":[{"count":0,"href":"https:\/\/pascalnoppe.com\/index.php\/wp-json\/wp\/v2\/product\/958\/revisions"}],"wp:featuredmedia":[{"embeddable":true,"href":"https:\/\/pascalnoppe.com\/index.php\/wp-json\/wp\/v2\/media\/988"}],"wp:attachment":[{"href":"https:\/\/pascalnoppe.com\/index.php\/wp-json\/wp\/v2\/media?parent=958"}],"wp:term":[{"taxonomy":"product_cat","embeddable":true,"href":"https:\/\/pascalnoppe.com\/index.php\/wp-json\/wp\/v2\/product_cat?post=958"},{"taxonomy":"product_tag","embeddable":true,"href":"https:\/\/pascalnoppe.com\/index.php\/wp-json\/wp\/v2\/product_tag?post=958"}],"curies":[{"name":"wp","href":"https:\/\/api.w.org\/{rel}","templated":true}]}}