{"id":957,"date":"2021-05-23T11:39:07","date_gmt":"2021-05-23T09:39:07","guid":{"rendered":"http:\/\/pascalnoppe.com\/?post_type=product&#038;p=957"},"modified":"2021-05-23T11:39:13","modified_gmt":"2021-05-23T09:39:13","slug":"galette-des-rois","status":"publish","type":"product","link":"https:\/\/pascalnoppe.com\/index.php\/produit\/galette-des-rois\/","title":{"rendered":"Galette des Rois"},"content":{"rendered":"<p>p\u00e2te feuillet\u00e9, cr\u00e9me d&rsquo;amande, f\u00e9ves , et couronne pour c\u00e9l\u00e9bration en famille. plusieurs parfums disponible: chocolat-noisette, coconut-ananas poel\u00e9s \u00e0 la vanille, pomme, marrons, amande. &nbsp;ici r\u00e9aliser pour 200 pers. <\/p>\n","protected":false},"excerpt":{"rendered":"<p>p\u00e2te feuillet\u00e9, cr\u00e9me d&rsquo;amande, f\u00e9ves , et couronne pour c\u00e9l\u00e9bration en famille. plusieurs parfums disponible: chocolat-noisette, coconut-ananas poel\u00e9s \u00e0 la vanille, pomme, marrons, amande. &nbsp;ici r\u00e9aliser pour 200 pers.<\/p>\n","protected":false},"featured_media":987,"template":"","meta":[],"product_cat":[17,25],"product_tag":[],"_links":{"self":[{"href":"https:\/\/pascalnoppe.com\/index.php\/wp-json\/wp\/v2\/product\/957"}],"collection":[{"href":"https:\/\/pascalnoppe.com\/index.php\/wp-json\/wp\/v2\/product"}],"about":[{"href":"https:\/\/pascalnoppe.com\/index.php\/wp-json\/wp\/v2\/types\/product"}],"version-history":[{"count":0,"href":"https:\/\/pascalnoppe.com\/index.php\/wp-json\/wp\/v2\/product\/957\/revisions"}],"wp:featuredmedia":[{"embeddable":true,"href":"https:\/\/pascalnoppe.com\/index.php\/wp-json\/wp\/v2\/media\/987"}],"wp:attachment":[{"href":"https:\/\/pascalnoppe.com\/index.php\/wp-json\/wp\/v2\/media?parent=957"}],"wp:term":[{"taxonomy":"product_cat","embeddable":true,"href":"https:\/\/pascalnoppe.com\/index.php\/wp-json\/wp\/v2\/product_cat?post=957"},{"taxonomy":"product_tag","embeddable":true,"href":"https:\/\/pascalnoppe.com\/index.php\/wp-json\/wp\/v2\/product_tag?post=957"}],"curies":[{"name":"wp","href":"https:\/\/api.w.org\/{rel}","templated":true}]}}