{"id":955,"date":"2021-05-23T11:39:07","date_gmt":"2021-05-23T09:39:07","guid":{"rendered":"http:\/\/pascalnoppe.com\/?post_type=product&#038;p=955"},"modified":"2021-05-23T11:39:12","modified_gmt":"2021-05-23T09:39:12","slug":"plateau-de-petits-fours-frais-selection","status":"publish","type":"product","link":"https:\/\/pascalnoppe.com\/index.php\/produit\/plateau-de-petits-fours-frais-selection\/","title":{"rendered":"plateau de petits fours frais s\u00e9lection"},"content":{"rendered":"<p>plateau de petits fours frais assortis, pour vos soir\u00e9e entre amis, facile&nbsp;\u00e0 servir , et se d\u00e9guste \u00e0 volont\u00e9.tartelettes aux fruitsop\u00e9ra,\u00e9clair caf\u00e9 et chocolat,macarons royaux,mini mousse ,&#8230;<\/p>\n","protected":false},"excerpt":{"rendered":"<p>plateau de petits fours frais assortis, pour vos soir\u00e9e entre amis, facile&nbsp;\u00e0 servir , et se d\u00e9guste \u00e0 volont\u00e9.tartelettes aux fruitsop\u00e9ra,\u00e9clair caf\u00e9 et chocolat,macarons royaux,mini mousse ,&#8230;<\/p>\n","protected":false},"featured_media":985,"template":"","meta":[],"product_cat":[17,25],"product_tag":[],"_links":{"self":[{"href":"https:\/\/pascalnoppe.com\/index.php\/wp-json\/wp\/v2\/product\/955"}],"collection":[{"href":"https:\/\/pascalnoppe.com\/index.php\/wp-json\/wp\/v2\/product"}],"about":[{"href":"https:\/\/pascalnoppe.com\/index.php\/wp-json\/wp\/v2\/types\/product"}],"version-history":[{"count":0,"href":"https:\/\/pascalnoppe.com\/index.php\/wp-json\/wp\/v2\/product\/955\/revisions"}],"wp:featuredmedia":[{"embeddable":true,"href":"https:\/\/pascalnoppe.com\/index.php\/wp-json\/wp\/v2\/media\/985"}],"wp:attachment":[{"href":"https:\/\/pascalnoppe.com\/index.php\/wp-json\/wp\/v2\/media?parent=955"}],"wp:term":[{"taxonomy":"product_cat","embeddable":true,"href":"https:\/\/pascalnoppe.com\/index.php\/wp-json\/wp\/v2\/product_cat?post=955"},{"taxonomy":"product_tag","embeddable":true,"href":"https:\/\/pascalnoppe.com\/index.php\/wp-json\/wp\/v2\/product_tag?post=955"}],"curies":[{"name":"wp","href":"https:\/\/api.w.org\/{rel}","templated":true}]}}