{"id":931,"date":"2021-05-23T11:38:53","date_gmt":"2021-05-23T09:38:53","guid":{"rendered":"http:\/\/pascalnoppe.com\/?post_type=product&#038;p=931"},"modified":"2021-05-23T11:39:06","modified_gmt":"2021-05-23T09:39:06","slug":"pates-de-fruits-et-bonbons-de-chocolat","status":"publish","type":"product","link":"https:\/\/pascalnoppe.com\/index.php\/produit\/pates-de-fruits-et-bonbons-de-chocolat\/","title":{"rendered":"P\u00e2tes de fruits et bonbons de chocolat"},"content":{"rendered":"<p>pr\u00e9sentation de pate de fruits \u00e0 la vente en bo\u00eete forme cube,avec ruban rose fushia Pascal Noppe.Ballotins de bonbons chocolat assortis.<\/p>\n","protected":false},"excerpt":{"rendered":"<p>pr\u00e9sentation de pate de fruits \u00e0 la vente en bo\u00eete forme cube,avec ruban rose fushia Pascal Noppe.Ballotins de bonbons chocolat assortis.<\/p>\n","protected":false},"featured_media":954,"template":"","meta":[],"product_cat":[17,25],"product_tag":[],"_links":{"self":[{"href":"https:\/\/pascalnoppe.com\/index.php\/wp-json\/wp\/v2\/product\/931"}],"collection":[{"href":"https:\/\/pascalnoppe.com\/index.php\/wp-json\/wp\/v2\/product"}],"about":[{"href":"https:\/\/pascalnoppe.com\/index.php\/wp-json\/wp\/v2\/types\/product"}],"version-history":[{"count":0,"href":"https:\/\/pascalnoppe.com\/index.php\/wp-json\/wp\/v2\/product\/931\/revisions"}],"wp:featuredmedia":[{"embeddable":true,"href":"https:\/\/pascalnoppe.com\/index.php\/wp-json\/wp\/v2\/media\/954"}],"wp:attachment":[{"href":"https:\/\/pascalnoppe.com\/index.php\/wp-json\/wp\/v2\/media?parent=931"}],"wp:term":[{"taxonomy":"product_cat","embeddable":true,"href":"https:\/\/pascalnoppe.com\/index.php\/wp-json\/wp\/v2\/product_cat?post=931"},{"taxonomy":"product_tag","embeddable":true,"href":"https:\/\/pascalnoppe.com\/index.php\/wp-json\/wp\/v2\/product_tag?post=931"}],"curies":[{"name":"wp","href":"https:\/\/api.w.org\/{rel}","templated":true}]}}