{"id":929,"date":"2021-05-23T11:38:53","date_gmt":"2021-05-23T09:38:53","guid":{"rendered":"http:\/\/pascalnoppe.com\/?post_type=product&#038;p=929"},"modified":"2021-05-23T11:39:05","modified_gmt":"2021-05-23T09:39:05","slug":"stollen","status":"publish","type":"product","link":"https:\/\/pascalnoppe.com\/index.php\/produit\/stollen\/","title":{"rendered":"Stollen"},"content":{"rendered":"<p>sp\u00e9cialit\u00e9 allemande , pain aux \u00e9pices avec fruits secs et pate d&rsquo;amande moelleuse.<\/p>\n","protected":false},"excerpt":{"rendered":"<p>sp\u00e9cialit\u00e9 allemande , pain aux \u00e9pices avec fruits secs et pate d&rsquo;amande moelleuse.<\/p>\n","protected":false},"featured_media":952,"template":"","meta":[],"product_cat":[17,25],"product_tag":[],"_links":{"self":[{"href":"https:\/\/pascalnoppe.com\/index.php\/wp-json\/wp\/v2\/product\/929"}],"collection":[{"href":"https:\/\/pascalnoppe.com\/index.php\/wp-json\/wp\/v2\/product"}],"about":[{"href":"https:\/\/pascalnoppe.com\/index.php\/wp-json\/wp\/v2\/types\/product"}],"version-history":[{"count":0,"href":"https:\/\/pascalnoppe.com\/index.php\/wp-json\/wp\/v2\/product\/929\/revisions"}],"wp:featuredmedia":[{"embeddable":true,"href":"https:\/\/pascalnoppe.com\/index.php\/wp-json\/wp\/v2\/media\/952"}],"wp:attachment":[{"href":"https:\/\/pascalnoppe.com\/index.php\/wp-json\/wp\/v2\/media?parent=929"}],"wp:term":[{"taxonomy":"product_cat","embeddable":true,"href":"https:\/\/pascalnoppe.com\/index.php\/wp-json\/wp\/v2\/product_cat?post=929"},{"taxonomy":"product_tag","embeddable":true,"href":"https:\/\/pascalnoppe.com\/index.php\/wp-json\/wp\/v2\/product_tag?post=929"}],"curies":[{"name":"wp","href":"https:\/\/api.w.org\/{rel}","templated":true}]}}