{"id":920,"date":"2021-05-23T11:38:52","date_gmt":"2021-05-23T09:38:52","guid":{"rendered":"http:\/\/pascalnoppe.com\/?post_type=product&#038;p=920"},"modified":"2021-07-21T20:16:58","modified_gmt":"2021-07-21T18:16:58","slug":"tartelette-pomme","status":"publish","type":"product","link":"https:\/\/pascalnoppe.com\/index.php\/produit\/tartelette-pomme\/","title":{"rendered":"Nos porcelaine, avec nos macarons"},"content":{"rendered":"<p>Notre service porcelaine avec nos macarons,<\/p>\n<p>tasse \u00e0 caf\u00e9, pot \u00e0 sucre, pot \u00e0 cr\u00e8me, assiette plate , assiette creuse,&#8230;<\/p>\n","protected":false},"excerpt":{"rendered":"<p>Notre service porcelaine avec nos macarons, tasse \u00e0 caf\u00e9, pot \u00e0 sucre, pot \u00e0 cr\u00e8me, assiette plate , assiette creuse,&#8230;<\/p>\n","protected":false},"featured_media":949,"template":"","meta":[],"product_cat":[17,25],"product_tag":[],"_links":{"self":[{"href":"https:\/\/pascalnoppe.com\/index.php\/wp-json\/wp\/v2\/product\/920"}],"collection":[{"href":"https:\/\/pascalnoppe.com\/index.php\/wp-json\/wp\/v2\/product"}],"about":[{"href":"https:\/\/pascalnoppe.com\/index.php\/wp-json\/wp\/v2\/types\/product"}],"version-history":[{"count":2,"href":"https:\/\/pascalnoppe.com\/index.php\/wp-json\/wp\/v2\/product\/920\/revisions"}],"predecessor-version":[{"id":2013,"href":"https:\/\/pascalnoppe.com\/index.php\/wp-json\/wp\/v2\/product\/920\/revisions\/2013"}],"wp:featuredmedia":[{"embeddable":true,"href":"https:\/\/pascalnoppe.com\/index.php\/wp-json\/wp\/v2\/media\/949"}],"wp:attachment":[{"href":"https:\/\/pascalnoppe.com\/index.php\/wp-json\/wp\/v2\/media?parent=920"}],"wp:term":[{"taxonomy":"product_cat","embeddable":true,"href":"https:\/\/pascalnoppe.com\/index.php\/wp-json\/wp\/v2\/product_cat?post=920"},{"taxonomy":"product_tag","embeddable":true,"href":"https:\/\/pascalnoppe.com\/index.php\/wp-json\/wp\/v2\/product_tag?post=920"}],"curies":[{"name":"wp","href":"https:\/\/api.w.org\/{rel}","templated":true}]}}