{"id":913,"date":"2021-05-23T11:38:52","date_gmt":"2021-05-23T09:38:52","guid":{"rendered":"http:\/\/pascalnoppe.com\/?post_type=product&#038;p=913"},"modified":"2021-05-23T11:38:59","modified_gmt":"2021-05-23T09:38:59","slug":"les-poussins-colores","status":"publish","type":"product","link":"https:\/\/pascalnoppe.com\/index.php\/produit\/les-poussins-colores\/","title":{"rendered":"Les Poussins color\u00e9s"},"content":{"rendered":"<p>en chocolat noir ou en chocolat lait,Nos Poussins de couleur chocolat pour P\u00e2ques, Pi\u00e9ce de buffet , <\/p>\n","protected":false},"excerpt":{"rendered":"<p>en chocolat noir ou en chocolat lait,Nos Poussins de couleur chocolat pour P\u00e2ques, Pi\u00e9ce de buffet ,<\/p>\n","protected":false},"featured_media":943,"template":"","meta":[],"product_cat":[17,23],"product_tag":[],"_links":{"self":[{"href":"https:\/\/pascalnoppe.com\/index.php\/wp-json\/wp\/v2\/product\/913"}],"collection":[{"href":"https:\/\/pascalnoppe.com\/index.php\/wp-json\/wp\/v2\/product"}],"about":[{"href":"https:\/\/pascalnoppe.com\/index.php\/wp-json\/wp\/v2\/types\/product"}],"version-history":[{"count":0,"href":"https:\/\/pascalnoppe.com\/index.php\/wp-json\/wp\/v2\/product\/913\/revisions"}],"wp:featuredmedia":[{"embeddable":true,"href":"https:\/\/pascalnoppe.com\/index.php\/wp-json\/wp\/v2\/media\/943"}],"wp:attachment":[{"href":"https:\/\/pascalnoppe.com\/index.php\/wp-json\/wp\/v2\/media?parent=913"}],"wp:term":[{"taxonomy":"product_cat","embeddable":true,"href":"https:\/\/pascalnoppe.com\/index.php\/wp-json\/wp\/v2\/product_cat?post=913"},{"taxonomy":"product_tag","embeddable":true,"href":"https:\/\/pascalnoppe.com\/index.php\/wp-json\/wp\/v2\/product_tag?post=913"}],"curies":[{"name":"wp","href":"https:\/\/api.w.org\/{rel}","templated":true}]}}