{"id":912,"date":"2021-05-23T11:38:52","date_gmt":"2021-05-23T09:38:52","guid":{"rendered":"http:\/\/pascalnoppe.com\/?post_type=product&#038;p=912"},"modified":"2021-05-23T11:38:58","modified_gmt":"2021-05-23T09:38:58","slug":"les-multipops","status":"publish","type":"product","link":"https:\/\/pascalnoppe.com\/index.php\/produit\/les-multipops\/","title":{"rendered":"Les Multipops"},"content":{"rendered":"<p>Nos Multipops, c\u00e9r\u00e8ales enrob\u00e9s de chocolat blanc ou noir, crunchy , pour le caf\u00e9 ou a tout moment, une envie de chocolat. aussi nos noisettes caram\u00e9lis\u00e9es et grill\u00e9es, nos amandes caram\u00e9lis\u00e9es et grill\u00e9es,aux fruits acidul\u00e9s, <\/p>\n","protected":false},"excerpt":{"rendered":"<p>Nos Multipops, c\u00e9r\u00e8ales enrob\u00e9s de chocolat blanc ou noir, crunchy , pour le caf\u00e9 ou a tout moment, une envie de chocolat. aussi nos noisettes caram\u00e9lis\u00e9es et grill\u00e9es, nos amandes caram\u00e9lis\u00e9es et grill\u00e9es,aux fruits acidul\u00e9s,<\/p>\n","protected":false},"featured_media":942,"template":"","meta":[],"product_cat":[17,23],"product_tag":[],"_links":{"self":[{"href":"https:\/\/pascalnoppe.com\/index.php\/wp-json\/wp\/v2\/product\/912"}],"collection":[{"href":"https:\/\/pascalnoppe.com\/index.php\/wp-json\/wp\/v2\/product"}],"about":[{"href":"https:\/\/pascalnoppe.com\/index.php\/wp-json\/wp\/v2\/types\/product"}],"version-history":[{"count":0,"href":"https:\/\/pascalnoppe.com\/index.php\/wp-json\/wp\/v2\/product\/912\/revisions"}],"wp:featuredmedia":[{"embeddable":true,"href":"https:\/\/pascalnoppe.com\/index.php\/wp-json\/wp\/v2\/media\/942"}],"wp:attachment":[{"href":"https:\/\/pascalnoppe.com\/index.php\/wp-json\/wp\/v2\/media?parent=912"}],"wp:term":[{"taxonomy":"product_cat","embeddable":true,"href":"https:\/\/pascalnoppe.com\/index.php\/wp-json\/wp\/v2\/product_cat?post=912"},{"taxonomy":"product_tag","embeddable":true,"href":"https:\/\/pascalnoppe.com\/index.php\/wp-json\/wp\/v2\/product_tag?post=912"}],"curies":[{"name":"wp","href":"https:\/\/api.w.org\/{rel}","templated":true}]}}