{"id":907,"date":"2021-05-23T11:38:51","date_gmt":"2021-05-23T09:38:51","guid":{"rendered":"http:\/\/pascalnoppe.com\/?post_type=product&#038;p=907"},"modified":"2021-05-23T11:38:56","modified_gmt":"2021-05-23T09:38:56","slug":"figurine-de-paques","status":"publish","type":"product","link":"https:\/\/pascalnoppe.com\/index.php\/produit\/figurine-de-paques\/","title":{"rendered":"Figurine de P\u00e2ques"},"content":{"rendered":"<p>Ici une Otari en chocolat blanc, tout nos moulages de P\u00e2ques sont garnis de fritures m\u00e9lang\u00e9es et autres oeufs liqueur, pralin\u00e9, &#8230; <\/p>\n","protected":false},"excerpt":{"rendered":"<p>Ici une Otari en chocolat blanc, tout nos moulages de P\u00e2ques sont garnis de fritures m\u00e9lang\u00e9es et autres oeufs liqueur, pralin\u00e9, &#8230;<\/p>\n","protected":false},"featured_media":937,"template":"","meta":[],"product_cat":[17,23],"product_tag":[],"_links":{"self":[{"href":"https:\/\/pascalnoppe.com\/index.php\/wp-json\/wp\/v2\/product\/907"}],"collection":[{"href":"https:\/\/pascalnoppe.com\/index.php\/wp-json\/wp\/v2\/product"}],"about":[{"href":"https:\/\/pascalnoppe.com\/index.php\/wp-json\/wp\/v2\/types\/product"}],"version-history":[{"count":0,"href":"https:\/\/pascalnoppe.com\/index.php\/wp-json\/wp\/v2\/product\/907\/revisions"}],"wp:featuredmedia":[{"embeddable":true,"href":"https:\/\/pascalnoppe.com\/index.php\/wp-json\/wp\/v2\/media\/937"}],"wp:attachment":[{"href":"https:\/\/pascalnoppe.com\/index.php\/wp-json\/wp\/v2\/media?parent=907"}],"wp:term":[{"taxonomy":"product_cat","embeddable":true,"href":"https:\/\/pascalnoppe.com\/index.php\/wp-json\/wp\/v2\/product_cat?post=907"},{"taxonomy":"product_tag","embeddable":true,"href":"https:\/\/pascalnoppe.com\/index.php\/wp-json\/wp\/v2\/product_tag?post=907"}],"curies":[{"name":"wp","href":"https:\/\/api.w.org\/{rel}","templated":true}]}}