{"id":902,"date":"2021-05-23T11:38:51","date_gmt":"2021-05-23T09:38:51","guid":{"rendered":"http:\/\/pascalnoppe.com\/?post_type=product&#038;p=902"},"modified":"2021-05-23T11:38:54","modified_gmt":"2021-05-23T09:38:54","slug":"vue-de-chantilly","status":"publish","type":"product","link":"https:\/\/pascalnoppe.com\/index.php\/produit\/vue-de-chantilly\/","title":{"rendered":"Vue de Chantilly"},"content":{"rendered":"<p>Sp\u00e9cialit\u00e9, Bouch\u00e9e au pralin\u00e9 amande, gru\u00e9 de cacao et riz k\u00e9llops et sel de Gu\u00e9rande,enrob\u00e9 couverture noire et Vue de chantilly:chasse \u00e0 cour, animaux de chasse, vue du Chateau&#8230;<\/p>\n","protected":false},"excerpt":{"rendered":"<p>Sp\u00e9cialit\u00e9, Bouch\u00e9e au pralin\u00e9 amande, gru\u00e9 de cacao et riz k\u00e9llops et sel de Gu\u00e9rande,enrob\u00e9 couverture noire et Vue de chantilly:chasse \u00e0 cour, animaux de chasse, vue du Chateau&#8230;<\/p>\n","protected":false},"featured_media":932,"template":"","meta":[],"product_cat":[17,23],"product_tag":[],"_links":{"self":[{"href":"https:\/\/pascalnoppe.com\/index.php\/wp-json\/wp\/v2\/product\/902"}],"collection":[{"href":"https:\/\/pascalnoppe.com\/index.php\/wp-json\/wp\/v2\/product"}],"about":[{"href":"https:\/\/pascalnoppe.com\/index.php\/wp-json\/wp\/v2\/types\/product"}],"version-history":[{"count":0,"href":"https:\/\/pascalnoppe.com\/index.php\/wp-json\/wp\/v2\/product\/902\/revisions"}],"wp:featuredmedia":[{"embeddable":true,"href":"https:\/\/pascalnoppe.com\/index.php\/wp-json\/wp\/v2\/media\/932"}],"wp:attachment":[{"href":"https:\/\/pascalnoppe.com\/index.php\/wp-json\/wp\/v2\/media?parent=902"}],"wp:term":[{"taxonomy":"product_cat","embeddable":true,"href":"https:\/\/pascalnoppe.com\/index.php\/wp-json\/wp\/v2\/product_cat?post=902"},{"taxonomy":"product_tag","embeddable":true,"href":"https:\/\/pascalnoppe.com\/index.php\/wp-json\/wp\/v2\/product_tag?post=902"}],"curies":[{"name":"wp","href":"https:\/\/api.w.org\/{rel}","templated":true}]}}