{"id":871,"date":"2021-05-23T11:38:36","date_gmt":"2021-05-23T09:38:36","guid":{"rendered":"http:\/\/pascalnoppe.com\/?post_type=product&#038;p=871"},"modified":"2021-05-23T11:38:49","modified_gmt":"2021-05-23T09:38:49","slug":"macao","status":"publish","type":"product","link":"https:\/\/pascalnoppe.com\/index.php\/produit\/macao\/","title":{"rendered":"Macao"},"content":{"rendered":"<p>Ganache au caf\u00e9, et couverture noire caf\u00e9, enrob\u00e9 couverture noire, d\u00e9cor grain de caf\u00e9 chocolat. <\/p>\n","protected":false},"excerpt":{"rendered":"<p>Ganache au caf\u00e9, et couverture noire caf\u00e9, enrob\u00e9 couverture noire, d\u00e9cor grain de caf\u00e9 chocolat.<\/p>\n","protected":false},"featured_media":901,"template":"","meta":[],"product_cat":[17,23],"product_tag":[],"_links":{"self":[{"href":"https:\/\/pascalnoppe.com\/index.php\/wp-json\/wp\/v2\/product\/871"}],"collection":[{"href":"https:\/\/pascalnoppe.com\/index.php\/wp-json\/wp\/v2\/product"}],"about":[{"href":"https:\/\/pascalnoppe.com\/index.php\/wp-json\/wp\/v2\/types\/product"}],"version-history":[{"count":0,"href":"https:\/\/pascalnoppe.com\/index.php\/wp-json\/wp\/v2\/product\/871\/revisions"}],"wp:featuredmedia":[{"embeddable":true,"href":"https:\/\/pascalnoppe.com\/index.php\/wp-json\/wp\/v2\/media\/901"}],"wp:attachment":[{"href":"https:\/\/pascalnoppe.com\/index.php\/wp-json\/wp\/v2\/media?parent=871"}],"wp:term":[{"taxonomy":"product_cat","embeddable":true,"href":"https:\/\/pascalnoppe.com\/index.php\/wp-json\/wp\/v2\/product_cat?post=871"},{"taxonomy":"product_tag","embeddable":true,"href":"https:\/\/pascalnoppe.com\/index.php\/wp-json\/wp\/v2\/product_tag?post=871"}],"curies":[{"name":"wp","href":"https:\/\/api.w.org\/{rel}","templated":true}]}}