{"id":868,"date":"2021-05-23T11:38:36","date_gmt":"2021-05-23T09:38:36","guid":{"rendered":"http:\/\/pascalnoppe.com\/?post_type=product&#038;p=868"},"modified":"2021-05-23T11:38:48","modified_gmt":"2021-05-23T09:38:48","slug":"sesami","status":"publish","type":"product","link":"https:\/\/pascalnoppe.com\/index.php\/produit\/sesami\/","title":{"rendered":"S\u00e9sami"},"content":{"rendered":"<p>Pralin\u00e9 de graines de s\u00e9same caram\u00e9lis\u00e9 et grill\u00e9,enrob\u00e9 couverture orange.<\/p>\n","protected":false},"excerpt":{"rendered":"<p>Pralin\u00e9 de graines de s\u00e9same caram\u00e9lis\u00e9 et grill\u00e9,enrob\u00e9 couverture orange.<\/p>\n","protected":false},"featured_media":898,"template":"","meta":[],"product_cat":[17,23],"product_tag":[],"_links":{"self":[{"href":"https:\/\/pascalnoppe.com\/index.php\/wp-json\/wp\/v2\/product\/868"}],"collection":[{"href":"https:\/\/pascalnoppe.com\/index.php\/wp-json\/wp\/v2\/product"}],"about":[{"href":"https:\/\/pascalnoppe.com\/index.php\/wp-json\/wp\/v2\/types\/product"}],"version-history":[{"count":0,"href":"https:\/\/pascalnoppe.com\/index.php\/wp-json\/wp\/v2\/product\/868\/revisions"}],"wp:featuredmedia":[{"embeddable":true,"href":"https:\/\/pascalnoppe.com\/index.php\/wp-json\/wp\/v2\/media\/898"}],"wp:attachment":[{"href":"https:\/\/pascalnoppe.com\/index.php\/wp-json\/wp\/v2\/media?parent=868"}],"wp:term":[{"taxonomy":"product_cat","embeddable":true,"href":"https:\/\/pascalnoppe.com\/index.php\/wp-json\/wp\/v2\/product_cat?post=868"},{"taxonomy":"product_tag","embeddable":true,"href":"https:\/\/pascalnoppe.com\/index.php\/wp-json\/wp\/v2\/product_tag?post=868"}],"curies":[{"name":"wp","href":"https:\/\/api.w.org\/{rel}","templated":true}]}}