{"id":867,"date":"2021-05-23T11:38:36","date_gmt":"2021-05-23T09:38:36","guid":{"rendered":"http:\/\/pascalnoppe.com\/?post_type=product&#038;p=867"},"modified":"2021-05-23T11:38:48","modified_gmt":"2021-05-23T09:38:48","slug":"numero-1-orange-basilic","status":"publish","type":"product","link":"https:\/\/pascalnoppe.com\/index.php\/produit\/numero-1-orange-basilic\/","title":{"rendered":"Num\u00e9ro 1 :  orange basilic"},"content":{"rendered":"<p>Ganache chocolat noir orange infus\u00e9 basilic, enrob\u00e9 couverture noire.<\/p>\n","protected":false},"excerpt":{"rendered":"<p>Ganache chocolat noir orange infus\u00e9 basilic, enrob\u00e9 couverture noire.<\/p>\n","protected":false},"featured_media":897,"template":"","meta":[],"product_cat":[17,23],"product_tag":[],"_links":{"self":[{"href":"https:\/\/pascalnoppe.com\/index.php\/wp-json\/wp\/v2\/product\/867"}],"collection":[{"href":"https:\/\/pascalnoppe.com\/index.php\/wp-json\/wp\/v2\/product"}],"about":[{"href":"https:\/\/pascalnoppe.com\/index.php\/wp-json\/wp\/v2\/types\/product"}],"version-history":[{"count":0,"href":"https:\/\/pascalnoppe.com\/index.php\/wp-json\/wp\/v2\/product\/867\/revisions"}],"wp:featuredmedia":[{"embeddable":true,"href":"https:\/\/pascalnoppe.com\/index.php\/wp-json\/wp\/v2\/media\/897"}],"wp:attachment":[{"href":"https:\/\/pascalnoppe.com\/index.php\/wp-json\/wp\/v2\/media?parent=867"}],"wp:term":[{"taxonomy":"product_cat","embeddable":true,"href":"https:\/\/pascalnoppe.com\/index.php\/wp-json\/wp\/v2\/product_cat?post=867"},{"taxonomy":"product_tag","embeddable":true,"href":"https:\/\/pascalnoppe.com\/index.php\/wp-json\/wp\/v2\/product_tag?post=867"}],"curies":[{"name":"wp","href":"https:\/\/api.w.org\/{rel}","templated":true}]}}