{"id":861,"date":"2021-05-23T11:38:35","date_gmt":"2021-05-23T09:38:35","guid":{"rendered":"http:\/\/pascalnoppe.com\/?post_type=product&#038;p=861"},"modified":"2021-05-23T11:38:45","modified_gmt":"2021-05-23T09:38:45","slug":"framboise","status":"publish","type":"product","link":"https:\/\/pascalnoppe.com\/index.php\/produit\/framboise\/","title":{"rendered":"Framboise"},"content":{"rendered":"<p>Ganache \u00e0 la framboise et chocolat noir, enrob\u00e9 chocolat noir et \u00e9clat rouge. <\/p>\n","protected":false},"excerpt":{"rendered":"<p>Ganache \u00e0 la framboise et chocolat noir, enrob\u00e9 chocolat noir et \u00e9clat rouge.<\/p>\n","protected":false},"featured_media":891,"template":"","meta":[],"product_cat":[17,23],"product_tag":[],"_links":{"self":[{"href":"https:\/\/pascalnoppe.com\/index.php\/wp-json\/wp\/v2\/product\/861"}],"collection":[{"href":"https:\/\/pascalnoppe.com\/index.php\/wp-json\/wp\/v2\/product"}],"about":[{"href":"https:\/\/pascalnoppe.com\/index.php\/wp-json\/wp\/v2\/types\/product"}],"version-history":[{"count":0,"href":"https:\/\/pascalnoppe.com\/index.php\/wp-json\/wp\/v2\/product\/861\/revisions"}],"wp:featuredmedia":[{"embeddable":true,"href":"https:\/\/pascalnoppe.com\/index.php\/wp-json\/wp\/v2\/media\/891"}],"wp:attachment":[{"href":"https:\/\/pascalnoppe.com\/index.php\/wp-json\/wp\/v2\/media?parent=861"}],"wp:term":[{"taxonomy":"product_cat","embeddable":true,"href":"https:\/\/pascalnoppe.com\/index.php\/wp-json\/wp\/v2\/product_cat?post=861"},{"taxonomy":"product_tag","embeddable":true,"href":"https:\/\/pascalnoppe.com\/index.php\/wp-json\/wp\/v2\/product_tag?post=861"}],"curies":[{"name":"wp","href":"https:\/\/api.w.org\/{rel}","templated":true}]}}