{"id":860,"date":"2021-05-23T11:38:35","date_gmt":"2021-05-23T09:38:35","guid":{"rendered":"http:\/\/pascalnoppe.com\/?post_type=product&#038;p=860"},"modified":"2021-05-23T11:38:45","modified_gmt":"2021-05-23T09:38:45","slug":"praline-noisette","status":"publish","type":"product","link":"https:\/\/pascalnoppe.com\/index.php\/produit\/praline-noisette\/","title":{"rendered":"pralin\u00e9 noisette"},"content":{"rendered":"<p>pralin\u00e9 noisette de pi\u00e9mont, et couverture lait papouasie, enrob\u00e9 chocolat lait, d\u00e9cor fourchette.<\/p>\n","protected":false},"excerpt":{"rendered":"<p>pralin\u00e9 noisette de pi\u00e9mont, et couverture lait papouasie, enrob\u00e9 chocolat lait, d\u00e9cor fourchette.<\/p>\n","protected":false},"featured_media":890,"template":"","meta":[],"product_cat":[17,23],"product_tag":[],"_links":{"self":[{"href":"https:\/\/pascalnoppe.com\/index.php\/wp-json\/wp\/v2\/product\/860"}],"collection":[{"href":"https:\/\/pascalnoppe.com\/index.php\/wp-json\/wp\/v2\/product"}],"about":[{"href":"https:\/\/pascalnoppe.com\/index.php\/wp-json\/wp\/v2\/types\/product"}],"version-history":[{"count":0,"href":"https:\/\/pascalnoppe.com\/index.php\/wp-json\/wp\/v2\/product\/860\/revisions"}],"wp:featuredmedia":[{"embeddable":true,"href":"https:\/\/pascalnoppe.com\/index.php\/wp-json\/wp\/v2\/media\/890"}],"wp:attachment":[{"href":"https:\/\/pascalnoppe.com\/index.php\/wp-json\/wp\/v2\/media?parent=860"}],"wp:term":[{"taxonomy":"product_cat","embeddable":true,"href":"https:\/\/pascalnoppe.com\/index.php\/wp-json\/wp\/v2\/product_cat?post=860"},{"taxonomy":"product_tag","embeddable":true,"href":"https:\/\/pascalnoppe.com\/index.php\/wp-json\/wp\/v2\/product_tag?post=860"}],"curies":[{"name":"wp","href":"https:\/\/api.w.org\/{rel}","templated":true}]}}