{"id":859,"date":"2021-05-23T11:38:35","date_gmt":"2021-05-23T09:38:35","guid":{"rendered":"http:\/\/pascalnoppe.com\/?post_type=product&#038;p=859"},"modified":"2021-05-23T11:38:44","modified_gmt":"2021-05-23T09:38:44","slug":"numero-9-praline-feuilletine","status":"publish","type":"product","link":"https:\/\/pascalnoppe.com\/index.php\/produit\/numero-9-praline-feuilletine\/","title":{"rendered":"Num\u00e9ro 9 : pralin\u00e9 feuilletine"},"content":{"rendered":"<p>pralin\u00e9 feuilletine, croquant \u00e0 souhait, enrob\u00e9 chocolat noir et d\u00e9cor No.9.<\/p>\n","protected":false},"excerpt":{"rendered":"<p>pralin\u00e9 feuilletine, croquant \u00e0 souhait, enrob\u00e9 chocolat noir et d\u00e9cor No.9.<\/p>\n","protected":false},"featured_media":889,"template":"","meta":[],"product_cat":[17,23],"product_tag":[],"_links":{"self":[{"href":"https:\/\/pascalnoppe.com\/index.php\/wp-json\/wp\/v2\/product\/859"}],"collection":[{"href":"https:\/\/pascalnoppe.com\/index.php\/wp-json\/wp\/v2\/product"}],"about":[{"href":"https:\/\/pascalnoppe.com\/index.php\/wp-json\/wp\/v2\/types\/product"}],"version-history":[{"count":0,"href":"https:\/\/pascalnoppe.com\/index.php\/wp-json\/wp\/v2\/product\/859\/revisions"}],"wp:featuredmedia":[{"embeddable":true,"href":"https:\/\/pascalnoppe.com\/index.php\/wp-json\/wp\/v2\/media\/889"}],"wp:attachment":[{"href":"https:\/\/pascalnoppe.com\/index.php\/wp-json\/wp\/v2\/media?parent=859"}],"wp:term":[{"taxonomy":"product_cat","embeddable":true,"href":"https:\/\/pascalnoppe.com\/index.php\/wp-json\/wp\/v2\/product_cat?post=859"},{"taxonomy":"product_tag","embeddable":true,"href":"https:\/\/pascalnoppe.com\/index.php\/wp-json\/wp\/v2\/product_tag?post=859"}],"curies":[{"name":"wp","href":"https:\/\/api.w.org\/{rel}","templated":true}]}}