{"id":857,"date":"2021-05-23T11:38:35","date_gmt":"2021-05-23T09:38:35","guid":{"rendered":"http:\/\/pascalnoppe.com\/?post_type=product&#038;p=857"},"modified":"2021-05-23T11:38:43","modified_gmt":"2021-05-23T09:38:43","slug":"le-favori","status":"publish","type":"product","link":"https:\/\/pascalnoppe.com\/index.php\/produit\/le-favori\/","title":{"rendered":"Le favori"},"content":{"rendered":"<p>p\u00e2te d&rsquo;amande \u00e0 l&rsquo;orange, avec des oranges confites, du grand-marnier et une nougatine au miel qui est une fois froide broyer et m\u00e9langer \u00e0 la p\u00e2te d&rsquo;amande orange, enrob\u00e9 chocolat orange.<\/p>\n","protected":false},"excerpt":{"rendered":"<p>p\u00e2te d&rsquo;amande \u00e0 l&rsquo;orange, avec des oranges confites, du grand-marnier et une nougatine au miel qui est une fois froide broyer et m\u00e9langer \u00e0 la p\u00e2te d&rsquo;amande orange, enrob\u00e9 chocolat orange.<\/p>\n","protected":false},"featured_media":887,"template":"","meta":[],"product_cat":[17,23],"product_tag":[],"_links":{"self":[{"href":"https:\/\/pascalnoppe.com\/index.php\/wp-json\/wp\/v2\/product\/857"}],"collection":[{"href":"https:\/\/pascalnoppe.com\/index.php\/wp-json\/wp\/v2\/product"}],"about":[{"href":"https:\/\/pascalnoppe.com\/index.php\/wp-json\/wp\/v2\/types\/product"}],"version-history":[{"count":0,"href":"https:\/\/pascalnoppe.com\/index.php\/wp-json\/wp\/v2\/product\/857\/revisions"}],"wp:featuredmedia":[{"embeddable":true,"href":"https:\/\/pascalnoppe.com\/index.php\/wp-json\/wp\/v2\/media\/887"}],"wp:attachment":[{"href":"https:\/\/pascalnoppe.com\/index.php\/wp-json\/wp\/v2\/media?parent=857"}],"wp:term":[{"taxonomy":"product_cat","embeddable":true,"href":"https:\/\/pascalnoppe.com\/index.php\/wp-json\/wp\/v2\/product_cat?post=857"},{"taxonomy":"product_tag","embeddable":true,"href":"https:\/\/pascalnoppe.com\/index.php\/wp-json\/wp\/v2\/product_tag?post=857"}],"curies":[{"name":"wp","href":"https:\/\/api.w.org\/{rel}","templated":true}]}}