{"id":856,"date":"2021-05-23T11:38:35","date_gmt":"2021-05-23T09:38:35","guid":{"rendered":"http:\/\/pascalnoppe.com\/?post_type=product&#038;p=856"},"modified":"2021-05-23T11:38:43","modified_gmt":"2021-05-23T09:38:43","slug":"numero-3-praline-cacahuette","status":"publish","type":"product","link":"https:\/\/pascalnoppe.com\/index.php\/produit\/numero-3-praline-cacahuette\/","title":{"rendered":"Num\u00e9ro 3 : Pralin\u00e9 cacahu\u00e8tte"},"content":{"rendered":"<p>pralin\u00e9 amande et cacahu\u00e8tte, quelques cacahu\u00e8ttes concass\u00e9es, enrob\u00e9 chocolat noir, d\u00e9cor No.3.un go\u00fbt subtil entre le sucr\u00e9 et le sal\u00e9.<\/p>\n","protected":false},"excerpt":{"rendered":"<p>pralin\u00e9 amande et cacahu\u00e8tte, quelques cacahu\u00e8ttes concass\u00e9es, enrob\u00e9 chocolat noir, d\u00e9cor No.3.un go\u00fbt subtil entre le sucr\u00e9 et le sal\u00e9.<\/p>\n","protected":false},"featured_media":886,"template":"","meta":[],"product_cat":[17,23],"product_tag":[],"_links":{"self":[{"href":"https:\/\/pascalnoppe.com\/index.php\/wp-json\/wp\/v2\/product\/856"}],"collection":[{"href":"https:\/\/pascalnoppe.com\/index.php\/wp-json\/wp\/v2\/product"}],"about":[{"href":"https:\/\/pascalnoppe.com\/index.php\/wp-json\/wp\/v2\/types\/product"}],"version-history":[{"count":0,"href":"https:\/\/pascalnoppe.com\/index.php\/wp-json\/wp\/v2\/product\/856\/revisions"}],"wp:featuredmedia":[{"embeddable":true,"href":"https:\/\/pascalnoppe.com\/index.php\/wp-json\/wp\/v2\/media\/886"}],"wp:attachment":[{"href":"https:\/\/pascalnoppe.com\/index.php\/wp-json\/wp\/v2\/media?parent=856"}],"wp:term":[{"taxonomy":"product_cat","embeddable":true,"href":"https:\/\/pascalnoppe.com\/index.php\/wp-json\/wp\/v2\/product_cat?post=856"},{"taxonomy":"product_tag","embeddable":true,"href":"https:\/\/pascalnoppe.com\/index.php\/wp-json\/wp\/v2\/product_tag?post=856"}],"curies":[{"name":"wp","href":"https:\/\/api.w.org\/{rel}","templated":true}]}}