{"id":855,"date":"2021-05-23T11:38:35","date_gmt":"2021-05-23T09:38:35","guid":{"rendered":"http:\/\/pascalnoppe.com\/?post_type=product&#038;p=855"},"modified":"2021-05-23T11:38:42","modified_gmt":"2021-05-23T09:38:42","slug":"pate-damande-pistache","status":"publish","type":"product","link":"https:\/\/pascalnoppe.com\/index.php\/produit\/pate-damande-pistache\/","title":{"rendered":"P\u00e2te d&rsquo;amande pistache"},"content":{"rendered":"<p>p\u00e2te d&rsquo;amande pistache maison, l\u00e9g\u00e8rement aromatis\u00e9 de kirsch, enrob\u00e9 chocolat noir, et quelques pistaches vertes concass\u00e9es.<\/p>\n","protected":false},"excerpt":{"rendered":"<p>p\u00e2te d&rsquo;amande pistache maison, l\u00e9g\u00e8rement aromatis\u00e9 de kirsch, enrob\u00e9 chocolat noir, et quelques pistaches vertes concass\u00e9es.<\/p>\n","protected":false},"featured_media":885,"template":"","meta":[],"product_cat":[17,23],"product_tag":[],"_links":{"self":[{"href":"https:\/\/pascalnoppe.com\/index.php\/wp-json\/wp\/v2\/product\/855"}],"collection":[{"href":"https:\/\/pascalnoppe.com\/index.php\/wp-json\/wp\/v2\/product"}],"about":[{"href":"https:\/\/pascalnoppe.com\/index.php\/wp-json\/wp\/v2\/types\/product"}],"version-history":[{"count":0,"href":"https:\/\/pascalnoppe.com\/index.php\/wp-json\/wp\/v2\/product\/855\/revisions"}],"wp:featuredmedia":[{"embeddable":true,"href":"https:\/\/pascalnoppe.com\/index.php\/wp-json\/wp\/v2\/media\/885"}],"wp:attachment":[{"href":"https:\/\/pascalnoppe.com\/index.php\/wp-json\/wp\/v2\/media?parent=855"}],"wp:term":[{"taxonomy":"product_cat","embeddable":true,"href":"https:\/\/pascalnoppe.com\/index.php\/wp-json\/wp\/v2\/product_cat?post=855"},{"taxonomy":"product_tag","embeddable":true,"href":"https:\/\/pascalnoppe.com\/index.php\/wp-json\/wp\/v2\/product_tag?post=855"}],"curies":[{"name":"wp","href":"https:\/\/api.w.org\/{rel}","templated":true}]}}