{"id":854,"date":"2021-05-23T11:38:35","date_gmt":"2021-05-23T09:38:35","guid":{"rendered":"http:\/\/pascalnoppe.com\/?post_type=product&#038;p=854"},"modified":"2021-05-23T11:38:42","modified_gmt":"2021-05-23T09:38:42","slug":"numero-5-citron-vert","status":"publish","type":"product","link":"https:\/\/pascalnoppe.com\/index.php\/produit\/numero-5-citron-vert\/","title":{"rendered":"Num\u00e9ro 5 : citron vert"},"content":{"rendered":"<p>Ganache chocolat noir au zestes de citron vert et pur\u00e9e de citron vert carm\u00e9lis\u00e9, enrob\u00e9 chocolat noir et d\u00e9cor No.5.<\/p>\n","protected":false},"excerpt":{"rendered":"<p>Ganache chocolat noir au zestes de citron vert et pur\u00e9e de citron vert carm\u00e9lis\u00e9, enrob\u00e9 chocolat noir et d\u00e9cor No.5.<\/p>\n","protected":false},"featured_media":884,"template":"","meta":[],"product_cat":[17,23],"product_tag":[],"_links":{"self":[{"href":"https:\/\/pascalnoppe.com\/index.php\/wp-json\/wp\/v2\/product\/854"}],"collection":[{"href":"https:\/\/pascalnoppe.com\/index.php\/wp-json\/wp\/v2\/product"}],"about":[{"href":"https:\/\/pascalnoppe.com\/index.php\/wp-json\/wp\/v2\/types\/product"}],"version-history":[{"count":0,"href":"https:\/\/pascalnoppe.com\/index.php\/wp-json\/wp\/v2\/product\/854\/revisions"}],"wp:featuredmedia":[{"embeddable":true,"href":"https:\/\/pascalnoppe.com\/index.php\/wp-json\/wp\/v2\/media\/884"}],"wp:attachment":[{"href":"https:\/\/pascalnoppe.com\/index.php\/wp-json\/wp\/v2\/media?parent=854"}],"wp:term":[{"taxonomy":"product_cat","embeddable":true,"href":"https:\/\/pascalnoppe.com\/index.php\/wp-json\/wp\/v2\/product_cat?post=854"},{"taxonomy":"product_tag","embeddable":true,"href":"https:\/\/pascalnoppe.com\/index.php\/wp-json\/wp\/v2\/product_tag?post=854"}],"curies":[{"name":"wp","href":"https:\/\/api.w.org\/{rel}","templated":true}]}}