{"id":853,"date":"2021-05-23T11:38:35","date_gmt":"2021-05-23T09:38:35","guid":{"rendered":"http:\/\/pascalnoppe.com\/?post_type=product&#038;p=853"},"modified":"2021-05-23T11:38:41","modified_gmt":"2021-05-23T09:38:41","slug":"numero-7-mangue","status":"publish","type":"product","link":"https:\/\/pascalnoppe.com\/index.php\/produit\/numero-7-mangue\/","title":{"rendered":"Num\u00e9ro 7 :  mangue"},"content":{"rendered":"<p>ganache chocolat lait papouasie et pur\u00e9e de mangues, enrob\u00e9 couverture lait, d\u00e9cor\u00e9 avec No.7.<\/p>\n","protected":false},"excerpt":{"rendered":"<p>ganache chocolat lait papouasie et pur\u00e9e de mangues, enrob\u00e9 couverture lait, d\u00e9cor\u00e9 avec No.7.<\/p>\n","protected":false},"featured_media":883,"template":"","meta":[],"product_cat":[17,23],"product_tag":[],"_links":{"self":[{"href":"https:\/\/pascalnoppe.com\/index.php\/wp-json\/wp\/v2\/product\/853"}],"collection":[{"href":"https:\/\/pascalnoppe.com\/index.php\/wp-json\/wp\/v2\/product"}],"about":[{"href":"https:\/\/pascalnoppe.com\/index.php\/wp-json\/wp\/v2\/types\/product"}],"version-history":[{"count":0,"href":"https:\/\/pascalnoppe.com\/index.php\/wp-json\/wp\/v2\/product\/853\/revisions"}],"wp:featuredmedia":[{"embeddable":true,"href":"https:\/\/pascalnoppe.com\/index.php\/wp-json\/wp\/v2\/media\/883"}],"wp:attachment":[{"href":"https:\/\/pascalnoppe.com\/index.php\/wp-json\/wp\/v2\/media?parent=853"}],"wp:term":[{"taxonomy":"product_cat","embeddable":true,"href":"https:\/\/pascalnoppe.com\/index.php\/wp-json\/wp\/v2\/product_cat?post=853"},{"taxonomy":"product_tag","embeddable":true,"href":"https:\/\/pascalnoppe.com\/index.php\/wp-json\/wp\/v2\/product_tag?post=853"}],"curies":[{"name":"wp","href":"https:\/\/api.w.org\/{rel}","templated":true}]}}