{"id":852,"date":"2021-05-23T11:38:35","date_gmt":"2021-05-23T09:38:35","guid":{"rendered":"http:\/\/pascalnoppe.com\/?post_type=product&#038;p=852"},"modified":"2021-05-23T11:38:41","modified_gmt":"2021-05-23T09:38:41","slug":"le-passion","status":"publish","type":"product","link":"https:\/\/pascalnoppe.com\/index.php\/produit\/le-passion\/","title":{"rendered":"Le passion"},"content":{"rendered":"<p>ganache \u00e0 la passion, couverture lait papouasie et pur\u00e9e de fruits de la passion,enrob\u00e9 couverture lait et \u00e9clat&nbsp;argent\u00e9.<\/p>\n","protected":false},"excerpt":{"rendered":"<p>ganache \u00e0 la passion, couverture lait papouasie et pur\u00e9e de fruits de la passion,enrob\u00e9 couverture lait et \u00e9clat&nbsp;argent\u00e9.<\/p>\n","protected":false},"featured_media":882,"template":"","meta":[],"product_cat":[17,23],"product_tag":[],"_links":{"self":[{"href":"https:\/\/pascalnoppe.com\/index.php\/wp-json\/wp\/v2\/product\/852"}],"collection":[{"href":"https:\/\/pascalnoppe.com\/index.php\/wp-json\/wp\/v2\/product"}],"about":[{"href":"https:\/\/pascalnoppe.com\/index.php\/wp-json\/wp\/v2\/types\/product"}],"version-history":[{"count":0,"href":"https:\/\/pascalnoppe.com\/index.php\/wp-json\/wp\/v2\/product\/852\/revisions"}],"wp:featuredmedia":[{"embeddable":true,"href":"https:\/\/pascalnoppe.com\/index.php\/wp-json\/wp\/v2\/media\/882"}],"wp:attachment":[{"href":"https:\/\/pascalnoppe.com\/index.php\/wp-json\/wp\/v2\/media?parent=852"}],"wp:term":[{"taxonomy":"product_cat","embeddable":true,"href":"https:\/\/pascalnoppe.com\/index.php\/wp-json\/wp\/v2\/product_cat?post=852"},{"taxonomy":"product_tag","embeddable":true,"href":"https:\/\/pascalnoppe.com\/index.php\/wp-json\/wp\/v2\/product_tag?post=852"}],"curies":[{"name":"wp","href":"https:\/\/api.w.org\/{rel}","templated":true}]}}