{"id":850,"date":"2021-05-23T11:38:35","date_gmt":"2021-05-23T09:38:35","guid":{"rendered":"http:\/\/pascalnoppe.com\/?post_type=product&#038;p=850"},"modified":"2021-05-23T11:38:40","modified_gmt":"2021-05-23T09:38:40","slug":"le-gianduja-pistache","status":"publish","type":"product","link":"https:\/\/pascalnoppe.com\/index.php\/produit\/le-gianduja-pistache\/","title":{"rendered":"Le gianduja pistache"},"content":{"rendered":"<p>ganache \u00e0 la pistache, croquant de gianduja et d&rsquo;amandes roties et caramelis\u00e9es et craquante, enrob\u00e9 couverture lait.<\/p>\n","protected":false},"excerpt":{"rendered":"<p>ganache \u00e0 la pistache, croquant de gianduja et d&rsquo;amandes roties et caramelis\u00e9es et craquante, enrob\u00e9 couverture lait.<\/p>\n","protected":false},"featured_media":880,"template":"","meta":[],"product_cat":[17,23],"product_tag":[],"_links":{"self":[{"href":"https:\/\/pascalnoppe.com\/index.php\/wp-json\/wp\/v2\/product\/850"}],"collection":[{"href":"https:\/\/pascalnoppe.com\/index.php\/wp-json\/wp\/v2\/product"}],"about":[{"href":"https:\/\/pascalnoppe.com\/index.php\/wp-json\/wp\/v2\/types\/product"}],"version-history":[{"count":0,"href":"https:\/\/pascalnoppe.com\/index.php\/wp-json\/wp\/v2\/product\/850\/revisions"}],"wp:featuredmedia":[{"embeddable":true,"href":"https:\/\/pascalnoppe.com\/index.php\/wp-json\/wp\/v2\/media\/880"}],"wp:attachment":[{"href":"https:\/\/pascalnoppe.com\/index.php\/wp-json\/wp\/v2\/media?parent=850"}],"wp:term":[{"taxonomy":"product_cat","embeddable":true,"href":"https:\/\/pascalnoppe.com\/index.php\/wp-json\/wp\/v2\/product_cat?post=850"},{"taxonomy":"product_tag","embeddable":true,"href":"https:\/\/pascalnoppe.com\/index.php\/wp-json\/wp\/v2\/product_tag?post=850"}],"curies":[{"name":"wp","href":"https:\/\/api.w.org\/{rel}","templated":true}]}}