{"id":845,"date":"2021-05-23T11:38:34","date_gmt":"2021-05-23T09:38:34","guid":{"rendered":"http:\/\/pascalnoppe.com\/?post_type=product&#038;p=845"},"modified":"2021-05-23T11:38:38","modified_gmt":"2021-05-23T09:38:38","slug":"enrobage-des-bonbons-chocolat","status":"publish","type":"product","link":"https:\/\/pascalnoppe.com\/index.php\/produit\/enrobage-des-bonbons-chocolat\/","title":{"rendered":"Enrobage des bonbons chocolat"},"content":{"rendered":"<p>enrobage des bonbons chocolat \u00e0 la machine , couverture noire exc\u00e9llence \u00e0 60%, \u00e0 la sortie, imm\u00e9diatement le bonbon est d\u00e9cor\u00e9 comme il se doit avant la prise de la couverture,&#8230;<\/p>\n","protected":false},"excerpt":{"rendered":"<p>enrobage des bonbons chocolat \u00e0 la machine , couverture noire exc\u00e9llence \u00e0 60%, \u00e0 la sortie, imm\u00e9diatement le bonbon est d\u00e9cor\u00e9 comme il se doit avant la prise de la couverture,&#8230;<\/p>\n","protected":false},"featured_media":875,"template":"","meta":[],"product_cat":[17,23],"product_tag":[],"_links":{"self":[{"href":"https:\/\/pascalnoppe.com\/index.php\/wp-json\/wp\/v2\/product\/845"}],"collection":[{"href":"https:\/\/pascalnoppe.com\/index.php\/wp-json\/wp\/v2\/product"}],"about":[{"href":"https:\/\/pascalnoppe.com\/index.php\/wp-json\/wp\/v2\/types\/product"}],"version-history":[{"count":0,"href":"https:\/\/pascalnoppe.com\/index.php\/wp-json\/wp\/v2\/product\/845\/revisions"}],"wp:featuredmedia":[{"embeddable":true,"href":"https:\/\/pascalnoppe.com\/index.php\/wp-json\/wp\/v2\/media\/875"}],"wp:attachment":[{"href":"https:\/\/pascalnoppe.com\/index.php\/wp-json\/wp\/v2\/media?parent=845"}],"wp:term":[{"taxonomy":"product_cat","embeddable":true,"href":"https:\/\/pascalnoppe.com\/index.php\/wp-json\/wp\/v2\/product_cat?post=845"},{"taxonomy":"product_tag","embeddable":true,"href":"https:\/\/pascalnoppe.com\/index.php\/wp-json\/wp\/v2\/product_tag?post=845"}],"curies":[{"name":"wp","href":"https:\/\/api.w.org\/{rel}","templated":true}]}}