{"id":842,"date":"2021-05-23T11:38:34","date_gmt":"2021-05-23T09:38:34","guid":{"rendered":"http:\/\/pascalnoppe.com\/?post_type=product&#038;p=842"},"modified":"2021-05-23T11:38:37","modified_gmt":"2021-05-23T09:38:37","slug":"les-pots-de-glace-vanille","status":"publish","type":"product","link":"https:\/\/pascalnoppe.com\/index.php\/produit\/les-pots-de-glace-vanille\/","title":{"rendered":"Les pots de glace vanille"},"content":{"rendered":"<p>pour l&rsquo;\u00e9t\u00e9,les pots de glace \u00e0 la vanille \u00e0 emporter, glace vanille et fraises confites et leur jus,glace vanille et myrtille confites dans leur jus, glace vanille et griottines confites dans leur jus, <\/p>\n","protected":false},"excerpt":{"rendered":"<p>pour l&rsquo;\u00e9t\u00e9,les pots de glace \u00e0 la vanille \u00e0 emporter, glace vanille et fraises confites et leur jus,glace vanille et myrtille confites dans leur jus, glace vanille et griottines confites dans leur jus,<\/p>\n","protected":false},"featured_media":872,"template":"","meta":[],"product_cat":[17,22],"product_tag":[],"_links":{"self":[{"href":"https:\/\/pascalnoppe.com\/index.php\/wp-json\/wp\/v2\/product\/842"}],"collection":[{"href":"https:\/\/pascalnoppe.com\/index.php\/wp-json\/wp\/v2\/product"}],"about":[{"href":"https:\/\/pascalnoppe.com\/index.php\/wp-json\/wp\/v2\/types\/product"}],"version-history":[{"count":0,"href":"https:\/\/pascalnoppe.com\/index.php\/wp-json\/wp\/v2\/product\/842\/revisions"}],"wp:featuredmedia":[{"embeddable":true,"href":"https:\/\/pascalnoppe.com\/index.php\/wp-json\/wp\/v2\/media\/872"}],"wp:attachment":[{"href":"https:\/\/pascalnoppe.com\/index.php\/wp-json\/wp\/v2\/media?parent=842"}],"wp:term":[{"taxonomy":"product_cat","embeddable":true,"href":"https:\/\/pascalnoppe.com\/index.php\/wp-json\/wp\/v2\/product_cat?post=842"},{"taxonomy":"product_tag","embeddable":true,"href":"https:\/\/pascalnoppe.com\/index.php\/wp-json\/wp\/v2\/product_tag?post=842"}],"curies":[{"name":"wp","href":"https:\/\/api.w.org\/{rel}","templated":true}]}}