{"id":811,"date":"2021-05-23T11:38:19","date_gmt":"2021-05-23T09:38:19","guid":{"rendered":"http:\/\/pascalnoppe.com\/?post_type=product&#038;p=811"},"modified":"2021-05-23T11:38:33","modified_gmt":"2021-05-23T09:38:33","slug":"vacherin-famboise-et-lait-damande","status":"publish","type":"product","link":"https:\/\/pascalnoppe.com\/index.php\/produit\/vacherin-famboise-et-lait-damande\/","title":{"rendered":"Vacherin famboise et lait d&rsquo;amande"},"content":{"rendered":"<p>Disque de meringue, sorbet framboise, glace au lait d&rsquo;amande, d\u00e9cor\u00e9 avec des larmes de meringue, cr\u00e8me chantilly, quelques framboises et macarons.<\/p>\n","protected":false},"excerpt":{"rendered":"<p>Disque de meringue, sorbet framboise, glace au lait d&rsquo;amande, d\u00e9cor\u00e9 avec des larmes de meringue, cr\u00e8me chantilly, quelques framboises et macarons.<\/p>\n","protected":false},"featured_media":841,"template":"","meta":[],"product_cat":[17,22],"product_tag":[],"_links":{"self":[{"href":"https:\/\/pascalnoppe.com\/index.php\/wp-json\/wp\/v2\/product\/811"}],"collection":[{"href":"https:\/\/pascalnoppe.com\/index.php\/wp-json\/wp\/v2\/product"}],"about":[{"href":"https:\/\/pascalnoppe.com\/index.php\/wp-json\/wp\/v2\/types\/product"}],"version-history":[{"count":0,"href":"https:\/\/pascalnoppe.com\/index.php\/wp-json\/wp\/v2\/product\/811\/revisions"}],"wp:featuredmedia":[{"embeddable":true,"href":"https:\/\/pascalnoppe.com\/index.php\/wp-json\/wp\/v2\/media\/841"}],"wp:attachment":[{"href":"https:\/\/pascalnoppe.com\/index.php\/wp-json\/wp\/v2\/media?parent=811"}],"wp:term":[{"taxonomy":"product_cat","embeddable":true,"href":"https:\/\/pascalnoppe.com\/index.php\/wp-json\/wp\/v2\/product_cat?post=811"},{"taxonomy":"product_tag","embeddable":true,"href":"https:\/\/pascalnoppe.com\/index.php\/wp-json\/wp\/v2\/product_tag?post=811"}],"curies":[{"name":"wp","href":"https:\/\/api.w.org\/{rel}","templated":true}]}}