{"id":808,"date":"2021-05-23T11:38:19","date_gmt":"2021-05-23T09:38:19","guid":{"rendered":"http:\/\/pascalnoppe.com\/?post_type=product&#038;p=808"},"modified":"2021-05-23T11:38:32","modified_gmt":"2021-05-23T09:38:32","slug":"vacherin-vanille-chocolat","status":"publish","type":"product","link":"https:\/\/pascalnoppe.com\/index.php\/produit\/vacherin-vanille-chocolat\/","title":{"rendered":"Vacherin vanille chocolat"},"content":{"rendered":"<p>Disque de meringue, glace chocolat, glace vanille, d\u00e9cor\u00e9 avec des larmes de meringue, cr\u00e8me chantilly, copaux chocolat noir.<\/p>\n","protected":false},"excerpt":{"rendered":"<p>Disque de meringue, glace chocolat, glace vanille, d\u00e9cor\u00e9 avec des larmes de meringue, cr\u00e8me chantilly, copaux chocolat noir.<\/p>\n","protected":false},"featured_media":838,"template":"","meta":[],"product_cat":[17,22],"product_tag":[],"_links":{"self":[{"href":"https:\/\/pascalnoppe.com\/index.php\/wp-json\/wp\/v2\/product\/808"}],"collection":[{"href":"https:\/\/pascalnoppe.com\/index.php\/wp-json\/wp\/v2\/product"}],"about":[{"href":"https:\/\/pascalnoppe.com\/index.php\/wp-json\/wp\/v2\/types\/product"}],"version-history":[{"count":0,"href":"https:\/\/pascalnoppe.com\/index.php\/wp-json\/wp\/v2\/product\/808\/revisions"}],"wp:featuredmedia":[{"embeddable":true,"href":"https:\/\/pascalnoppe.com\/index.php\/wp-json\/wp\/v2\/media\/838"}],"wp:attachment":[{"href":"https:\/\/pascalnoppe.com\/index.php\/wp-json\/wp\/v2\/media?parent=808"}],"wp:term":[{"taxonomy":"product_cat","embeddable":true,"href":"https:\/\/pascalnoppe.com\/index.php\/wp-json\/wp\/v2\/product_cat?post=808"},{"taxonomy":"product_tag","embeddable":true,"href":"https:\/\/pascalnoppe.com\/index.php\/wp-json\/wp\/v2\/product_tag?post=808"}],"curies":[{"name":"wp","href":"https:\/\/api.w.org\/{rel}","templated":true}]}}