{"id":807,"date":"2021-05-23T11:38:19","date_gmt":"2021-05-23T09:38:19","guid":{"rendered":"http:\/\/pascalnoppe.com\/?post_type=product&#038;p=807"},"modified":"2021-05-23T11:38:31","modified_gmt":"2021-05-23T09:38:31","slug":"le-rubis","status":"publish","type":"product","link":"https:\/\/pascalnoppe.com\/index.php\/produit\/le-rubis\/","title":{"rendered":"Le rubis"},"content":{"rendered":"<p>Biscuit macaronade, sorbet framboise, coulis fraise, sorbet mascarpone l\u00e9g\u00e8rement citron\u00e9 avec des fraises des bois, gla\u00e7age neutre, d\u00e9cor fraises des bois.<\/p>\n","protected":false},"excerpt":{"rendered":"<p>Biscuit macaronade, sorbet framboise, coulis fraise, sorbet mascarpone l\u00e9g\u00e8rement citron\u00e9 avec des fraises des bois, gla\u00e7age neutre, d\u00e9cor fraises des bois.<\/p>\n","protected":false},"featured_media":837,"template":"","meta":[],"product_cat":[17,22],"product_tag":[],"_links":{"self":[{"href":"https:\/\/pascalnoppe.com\/index.php\/wp-json\/wp\/v2\/product\/807"}],"collection":[{"href":"https:\/\/pascalnoppe.com\/index.php\/wp-json\/wp\/v2\/product"}],"about":[{"href":"https:\/\/pascalnoppe.com\/index.php\/wp-json\/wp\/v2\/types\/product"}],"version-history":[{"count":0,"href":"https:\/\/pascalnoppe.com\/index.php\/wp-json\/wp\/v2\/product\/807\/revisions"}],"wp:featuredmedia":[{"embeddable":true,"href":"https:\/\/pascalnoppe.com\/index.php\/wp-json\/wp\/v2\/media\/837"}],"wp:attachment":[{"href":"https:\/\/pascalnoppe.com\/index.php\/wp-json\/wp\/v2\/media?parent=807"}],"wp:term":[{"taxonomy":"product_cat","embeddable":true,"href":"https:\/\/pascalnoppe.com\/index.php\/wp-json\/wp\/v2\/product_cat?post=807"},{"taxonomy":"product_tag","embeddable":true,"href":"https:\/\/pascalnoppe.com\/index.php\/wp-json\/wp\/v2\/product_tag?post=807"}],"curies":[{"name":"wp","href":"https:\/\/api.w.org\/{rel}","templated":true}]}}