{"id":805,"date":"2021-05-23T11:38:19","date_gmt":"2021-05-23T09:38:19","guid":{"rendered":"http:\/\/pascalnoppe.com\/?post_type=product&#038;p=805"},"modified":"2021-05-23T11:38:30","modified_gmt":"2021-05-23T09:38:30","slug":"terrine-abricot-amande","status":"publish","type":"product","link":"https:\/\/pascalnoppe.com\/index.php\/produit\/terrine-abricot-amande\/","title":{"rendered":"T\u00e9rrine abricot amande"},"content":{"rendered":"<p>Biscuit macaronade, sorbet abricot, abricots poch\u00e9s \u00e0 la vanille, glace au lait d&rsquo;amande, gla\u00e7\u00e9 \u00e0 la meringue italienne.<\/p>\n","protected":false},"excerpt":{"rendered":"<p>Biscuit macaronade, sorbet abricot, abricots poch\u00e9s \u00e0 la vanille, glace au lait d&rsquo;amande, gla\u00e7\u00e9 \u00e0 la meringue italienne.<\/p>\n","protected":false},"featured_media":835,"template":"","meta":[],"product_cat":[17,22],"product_tag":[],"_links":{"self":[{"href":"https:\/\/pascalnoppe.com\/index.php\/wp-json\/wp\/v2\/product\/805"}],"collection":[{"href":"https:\/\/pascalnoppe.com\/index.php\/wp-json\/wp\/v2\/product"}],"about":[{"href":"https:\/\/pascalnoppe.com\/index.php\/wp-json\/wp\/v2\/types\/product"}],"version-history":[{"count":0,"href":"https:\/\/pascalnoppe.com\/index.php\/wp-json\/wp\/v2\/product\/805\/revisions"}],"wp:featuredmedia":[{"embeddable":true,"href":"https:\/\/pascalnoppe.com\/index.php\/wp-json\/wp\/v2\/media\/835"}],"wp:attachment":[{"href":"https:\/\/pascalnoppe.com\/index.php\/wp-json\/wp\/v2\/media?parent=805"}],"wp:term":[{"taxonomy":"product_cat","embeddable":true,"href":"https:\/\/pascalnoppe.com\/index.php\/wp-json\/wp\/v2\/product_cat?post=805"},{"taxonomy":"product_tag","embeddable":true,"href":"https:\/\/pascalnoppe.com\/index.php\/wp-json\/wp\/v2\/product_tag?post=805"}],"curies":[{"name":"wp","href":"https:\/\/api.w.org\/{rel}","templated":true}]}}