{"id":800,"date":"2021-05-23T11:38:18","date_gmt":"2021-05-23T09:38:18","guid":{"rendered":"http:\/\/pascalnoppe.com\/?post_type=product&#038;p=800"},"modified":"2021-05-23T11:38:28","modified_gmt":"2021-05-23T09:38:28","slug":"buche-rubis","status":"publish","type":"product","link":"https:\/\/pascalnoppe.com\/index.php\/produit\/buche-rubis\/","title":{"rendered":"B\u00fbche rubis"},"content":{"rendered":"<p>biscuit amande, sir\u00f4p de framboise, sorbet framboise, coulis de fraise, sorbet au mascarpone l\u00e9g\u00e8rement citron\u00e9 et avec des fraises des bois, glac\u00e9 fraise, d\u00e9cor de No\u00ebl.<\/p>\n","protected":false},"excerpt":{"rendered":"<p>biscuit amande, sir\u00f4p de framboise, sorbet framboise, coulis de fraise, sorbet au mascarpone l\u00e9g\u00e8rement citron\u00e9 et avec des fraises des bois, glac\u00e9 fraise, d\u00e9cor de No\u00ebl.<\/p>\n","protected":false},"featured_media":830,"template":"","meta":[],"product_cat":[17,22],"product_tag":[],"_links":{"self":[{"href":"https:\/\/pascalnoppe.com\/index.php\/wp-json\/wp\/v2\/product\/800"}],"collection":[{"href":"https:\/\/pascalnoppe.com\/index.php\/wp-json\/wp\/v2\/product"}],"about":[{"href":"https:\/\/pascalnoppe.com\/index.php\/wp-json\/wp\/v2\/types\/product"}],"version-history":[{"count":0,"href":"https:\/\/pascalnoppe.com\/index.php\/wp-json\/wp\/v2\/product\/800\/revisions"}],"wp:featuredmedia":[{"embeddable":true,"href":"https:\/\/pascalnoppe.com\/index.php\/wp-json\/wp\/v2\/media\/830"}],"wp:attachment":[{"href":"https:\/\/pascalnoppe.com\/index.php\/wp-json\/wp\/v2\/media?parent=800"}],"wp:term":[{"taxonomy":"product_cat","embeddable":true,"href":"https:\/\/pascalnoppe.com\/index.php\/wp-json\/wp\/v2\/product_cat?post=800"},{"taxonomy":"product_tag","embeddable":true,"href":"https:\/\/pascalnoppe.com\/index.php\/wp-json\/wp\/v2\/product_tag?post=800"}],"curies":[{"name":"wp","href":"https:\/\/api.w.org\/{rel}","templated":true}]}}