{"id":798,"date":"2021-05-23T11:38:18","date_gmt":"2021-05-23T09:38:18","guid":{"rendered":"http:\/\/pascalnoppe.com\/?post_type=product&#038;p=798"},"modified":"2021-05-23T11:38:27","modified_gmt":"2021-05-23T09:38:27","slug":"pot-de-glace-baileys-folies","status":"publish","type":"product","link":"https:\/\/pascalnoppe.com\/index.php\/produit\/pot-de-glace-baileys-folies\/","title":{"rendered":"Pot de glace \/ baileys folies"},"content":{"rendered":"<p>glace au baileys, compot\u00e9 d&rsquo;abricots vanill\u00e9s, caramel beurre sal\u00e9, brownies en morceaux, Goutteuse, Moelleuse, Fondante, croquante &#8230;.un r\u00e9gal de bohneur.<\/p>\n","protected":false},"excerpt":{"rendered":"<p>glace au baileys, compot\u00e9 d&rsquo;abricots vanill\u00e9s, caramel beurre sal\u00e9, brownies en morceaux, Goutteuse, Moelleuse, Fondante, croquante &#8230;.un r\u00e9gal de bohneur.<\/p>\n","protected":false},"featured_media":828,"template":"","meta":[],"product_cat":[17,22],"product_tag":[],"_links":{"self":[{"href":"https:\/\/pascalnoppe.com\/index.php\/wp-json\/wp\/v2\/product\/798"}],"collection":[{"href":"https:\/\/pascalnoppe.com\/index.php\/wp-json\/wp\/v2\/product"}],"about":[{"href":"https:\/\/pascalnoppe.com\/index.php\/wp-json\/wp\/v2\/types\/product"}],"version-history":[{"count":0,"href":"https:\/\/pascalnoppe.com\/index.php\/wp-json\/wp\/v2\/product\/798\/revisions"}],"wp:featuredmedia":[{"embeddable":true,"href":"https:\/\/pascalnoppe.com\/index.php\/wp-json\/wp\/v2\/media\/828"}],"wp:attachment":[{"href":"https:\/\/pascalnoppe.com\/index.php\/wp-json\/wp\/v2\/media?parent=798"}],"wp:term":[{"taxonomy":"product_cat","embeddable":true,"href":"https:\/\/pascalnoppe.com\/index.php\/wp-json\/wp\/v2\/product_cat?post=798"},{"taxonomy":"product_tag","embeddable":true,"href":"https:\/\/pascalnoppe.com\/index.php\/wp-json\/wp\/v2\/product_tag?post=798"}],"curies":[{"name":"wp","href":"https:\/\/api.w.org\/{rel}","templated":true}]}}