{"id":797,"date":"2021-05-23T11:38:18","date_gmt":"2021-05-23T09:38:18","guid":{"rendered":"http:\/\/pascalnoppe.com\/?post_type=product&#038;p=797"},"modified":"2021-05-23T11:38:26","modified_gmt":"2021-05-23T09:38:26","slug":"pot-de-glace-plenitude","status":"publish","type":"product","link":"https:\/\/pascalnoppe.com\/index.php\/produit\/pot-de-glace-plenitude\/","title":{"rendered":"Pot de glace \/ Pl\u00e9nitude"},"content":{"rendered":"<p>glace au marron, glace vanille, confits de poire vanill\u00e9es, brownies en morceaux, \u00e0 peine m\u00e9lang\u00e9, mis en pot imm\u00e9diatement,<\/p>\n","protected":false},"excerpt":{"rendered":"<p>glace au marron, glace vanille, confits de poire vanill\u00e9es, brownies en morceaux, \u00e0 peine m\u00e9lang\u00e9, mis en pot imm\u00e9diatement,<\/p>\n","protected":false},"featured_media":827,"template":"","meta":[],"product_cat":[17,22],"product_tag":[],"_links":{"self":[{"href":"https:\/\/pascalnoppe.com\/index.php\/wp-json\/wp\/v2\/product\/797"}],"collection":[{"href":"https:\/\/pascalnoppe.com\/index.php\/wp-json\/wp\/v2\/product"}],"about":[{"href":"https:\/\/pascalnoppe.com\/index.php\/wp-json\/wp\/v2\/types\/product"}],"version-history":[{"count":0,"href":"https:\/\/pascalnoppe.com\/index.php\/wp-json\/wp\/v2\/product\/797\/revisions"}],"wp:featuredmedia":[{"embeddable":true,"href":"https:\/\/pascalnoppe.com\/index.php\/wp-json\/wp\/v2\/media\/827"}],"wp:attachment":[{"href":"https:\/\/pascalnoppe.com\/index.php\/wp-json\/wp\/v2\/media?parent=797"}],"wp:term":[{"taxonomy":"product_cat","embeddable":true,"href":"https:\/\/pascalnoppe.com\/index.php\/wp-json\/wp\/v2\/product_cat?post=797"},{"taxonomy":"product_tag","embeddable":true,"href":"https:\/\/pascalnoppe.com\/index.php\/wp-json\/wp\/v2\/product_tag?post=797"}],"curies":[{"name":"wp","href":"https:\/\/api.w.org\/{rel}","templated":true}]}}