{"id":796,"date":"2021-05-23T11:38:18","date_gmt":"2021-05-23T09:38:18","guid":{"rendered":"http:\/\/pascalnoppe.com\/?post_type=product&#038;p=796"},"modified":"2021-05-23T11:38:26","modified_gmt":"2021-05-23T09:38:26","slug":"pot-de-glace-cubana","status":"publish","type":"product","link":"https:\/\/pascalnoppe.com\/index.php\/produit\/pot-de-glace-cubana\/","title":{"rendered":"Pot de glace \/ cubana"},"content":{"rendered":"<p>sorbet mangue, glace caramel beurre sal\u00e9, caramel beurre sal\u00e9, caramel cookies. \u00e0 peine m\u00e9langer, tr\u00e8s agr\u00e9able parfum, mon pr\u00e9f\u00e9r\u00e9.<\/p>\n","protected":false},"excerpt":{"rendered":"<p>sorbet mangue, glace caramel beurre sal\u00e9, caramel beurre sal\u00e9, caramel cookies. \u00e0 peine m\u00e9langer, tr\u00e8s agr\u00e9able parfum, mon pr\u00e9f\u00e9r\u00e9.<\/p>\n","protected":false},"featured_media":826,"template":"","meta":[],"product_cat":[17,22],"product_tag":[],"_links":{"self":[{"href":"https:\/\/pascalnoppe.com\/index.php\/wp-json\/wp\/v2\/product\/796"}],"collection":[{"href":"https:\/\/pascalnoppe.com\/index.php\/wp-json\/wp\/v2\/product"}],"about":[{"href":"https:\/\/pascalnoppe.com\/index.php\/wp-json\/wp\/v2\/types\/product"}],"version-history":[{"count":0,"href":"https:\/\/pascalnoppe.com\/index.php\/wp-json\/wp\/v2\/product\/796\/revisions"}],"wp:featuredmedia":[{"embeddable":true,"href":"https:\/\/pascalnoppe.com\/index.php\/wp-json\/wp\/v2\/media\/826"}],"wp:attachment":[{"href":"https:\/\/pascalnoppe.com\/index.php\/wp-json\/wp\/v2\/media?parent=796"}],"wp:term":[{"taxonomy":"product_cat","embeddable":true,"href":"https:\/\/pascalnoppe.com\/index.php\/wp-json\/wp\/v2\/product_cat?post=796"},{"taxonomy":"product_tag","embeddable":true,"href":"https:\/\/pascalnoppe.com\/index.php\/wp-json\/wp\/v2\/product_tag?post=796"}],"curies":[{"name":"wp","href":"https:\/\/api.w.org\/{rel}","templated":true}]}}