{"id":795,"date":"2021-05-23T11:38:18","date_gmt":"2021-05-23T09:38:18","guid":{"rendered":"http:\/\/pascalnoppe.com\/?post_type=product&#038;p=795"},"modified":"2021-05-23T11:38:25","modified_gmt":"2021-05-23T09:38:25","slug":"pot-de-glace-mosaic","status":"publish","type":"product","link":"https:\/\/pascalnoppe.com\/index.php\/produit\/pot-de-glace-mosaic\/","title":{"rendered":"Pot de Glace \/ Mosa\u00efc"},"content":{"rendered":"<p>ici, pr\u00e9paration du pot de glace: Mosa\u00efc glace pistache, sorbet griotte, griotte dessus-dessous l\u00e9g\u00e8rement confite, croquant de pistaches caram\u00e9lis\u00e9es, le tout en pot de 1 litre , ou 1\/2 litre.inspiration des glaces Hageen-daaz revue \u00e0 ma fa\u00e7con. <\/p>\n","protected":false},"excerpt":{"rendered":"<p>ici, pr\u00e9paration du pot de glace: Mosa\u00efc glace pistache, sorbet griotte, griotte dessus-dessous l\u00e9g\u00e8rement confite, croquant de pistaches caram\u00e9lis\u00e9es, le tout en pot de 1 litre , ou 1\/2 litre.inspiration des glaces Hageen-daaz revue \u00e0 ma fa\u00e7con.<\/p>\n","protected":false},"featured_media":825,"template":"","meta":[],"product_cat":[17,22],"product_tag":[],"_links":{"self":[{"href":"https:\/\/pascalnoppe.com\/index.php\/wp-json\/wp\/v2\/product\/795"}],"collection":[{"href":"https:\/\/pascalnoppe.com\/index.php\/wp-json\/wp\/v2\/product"}],"about":[{"href":"https:\/\/pascalnoppe.com\/index.php\/wp-json\/wp\/v2\/types\/product"}],"version-history":[{"count":0,"href":"https:\/\/pascalnoppe.com\/index.php\/wp-json\/wp\/v2\/product\/795\/revisions"}],"wp:featuredmedia":[{"embeddable":true,"href":"https:\/\/pascalnoppe.com\/index.php\/wp-json\/wp\/v2\/media\/825"}],"wp:attachment":[{"href":"https:\/\/pascalnoppe.com\/index.php\/wp-json\/wp\/v2\/media?parent=795"}],"wp:term":[{"taxonomy":"product_cat","embeddable":true,"href":"https:\/\/pascalnoppe.com\/index.php\/wp-json\/wp\/v2\/product_cat?post=795"},{"taxonomy":"product_tag","embeddable":true,"href":"https:\/\/pascalnoppe.com\/index.php\/wp-json\/wp\/v2\/product_tag?post=795"}],"curies":[{"name":"wp","href":"https:\/\/api.w.org\/{rel}","templated":true}]}}